{"id":44039,"date":"2025-10-08T12:52:37","date_gmt":"2025-10-08T09:52:37","guid":{"rendered":"https:\/\/halkidiki-rentals.gr\/%d0%ba%d0%be%d0%bb%d0%b8%d1%87%d0%ba%d0%b0\/"},"modified":"2026-01-30T17:56:59","modified_gmt":"2026-01-30T15:56:59","slug":"%d0%ba%d0%be%d0%bb%d0%b8%d1%87%d0%ba%d0%b0","status":"publish","type":"page","link":"https:\/\/halkidiki-rentals.gr\/bg\/%d0%ba%d0%be%d0%bb%d0%b8%d1%87%d0%ba%d0%b0\/","title":{"rendered":"\u041a\u043e\u043b\u0438\u0447\u043a\u0430"},"content":{"rendered":"\n<div data-block-name=\"woocommerce\/cart\" class=\"wp-block-woocommerce-cart alignwide is-loading\">\n<div data-block-name=\"woocommerce\/filled-cart-block\" class=\"wp-block-woocommerce-filled-cart-block\">\n<div data-block-name=\"woocommerce\/cart-items-block\" class=\"wp-block-woocommerce-cart-items-block\">\n<div data-block-name=\"woocommerce\/cart-line-items-block\" data-translated-with-w-p-m-l-t-m=\"1\" class=\"wp-block-woocommerce-cart-line-items-block\"\/>\n\n\n<\/div>\n\n\n\n\n<div data-block-name=\"woocommerce\/cart-totals-block\" class=\"wp-block-woocommerce-cart-totals-block\">\n<div data-block-name=\"woocommerce\/cart-order-summary-block\" class=\"wp-block-woocommerce-cart-order-summary-block\">\n\t\t\t<div data-block-name=\"woocommerce\/cart-order-summary-heading-block\" class=\"wp-block-woocommerce-cart-order-summary-heading-block\"><\/div>\n\t\t\t<div data-block-name=\"woocommerce\/cart-order-summary-subtotal-block\" class=\"wp-block-woocommerce-cart-order-summary-subtotal-block\"><\/div>\n\t\t\t<div data-block-name=\"woocommerce\/cart-order-summary-fee-block\" class=\"wp-block-woocommerce-cart-order-summary-fee-block\"><\/div>\n\t\t\t<div data-block-name=\"woocommerce\/cart-order-summary-discount-block\" class=\"wp-block-woocommerce-cart-order-summary-discount-block\"><\/div>\n\t\t\t<div data-block-name=\"woocommerce\/cart-order-summary-coupon-form-block\" class=\"wp-block-woocommerce-cart-order-summary-coupon-form-block\"><\/div>\n\t\t\t<div data-block-name=\"woocommerce\/cart-order-summary-shipping-form-block\" class=\"wp-block-woocommerce-cart-order-summary-shipping-block\"><\/div>\n\t\t\t<div data-block-name=\"woocommerce\/cart-order-summary-taxes-block\" class=\"wp-block-woocommerce-cart-order-summary-taxes-block\"><\/div>\n\t\t\n<div data-block-name=\"woocommerce\/cart-order-summary-heading-block\" data-translated-with-w-p-m-l-t-m=\"1\" class=\"wp-block-woocommerce-cart-order-summary-heading-block\"\/><div data-block-name=\"woocommerce\/cart-order-summary-coupon-form-block\" data-translated-with-w-p-m-l-t-m=\"1\" class=\"wp-block-woocommerce-cart-order-summary-coupon-form-block\"\/>\n\n\n\n<div data-block-name=\"woocommerce\/cart-express-payment-block\" data-translated-with-w-p-m-l-t-m=\"1\" class=\"wp-block-woocommerce-cart-express-payment-block\"\/>\n\n\n\n<div data-block-name=\"woocommerce\/proceed-to-checkout-block\" data-translated-with-w-p-m-l-t-m=\"1\" class=\"wp-block-woocommerce-proceed-to-checkout-block\"\/>\n\n\n\n<div data-block-name=\"woocommerce\/cart-accepted-payment-methods-block\" data-translated-with-w-p-m-l-t-m=\"1\" class=\"wp-block-woocommerce-cart-accepted-payment-methods-block\"\/>\n<\/div>\n<\/div>\n\n\n\n<div data-block-name=\"woocommerce\/empty-cart-block\" class=\"wp-block-woocommerce-empty-cart-block\">\n<h2 class=\"wp-block-heading has-text-align-center with-empty-cart-icon wc-block-cart__empty-cart__title\">\u0412\u0430\u0448\u0430\u0442\u0430 \u043a\u043e\u043b\u0438\u0447\u043a\u0430 \u0435 \u043f\u0440\u0430\u0437\u043d\u0430!<\/h2>\n\n\n\n<hr class=\"wp-block-separator has-alpha-channel-opacity is-style-dots\"\/>\n\n\n\n<h2 class=\"wp-block-heading has-text-align-center\">\u041d\u043e\u0432\u043e \u0432 \u043c\u0430\u0433\u0430\u0437\u0438\u043d\u0430<\/h2>\n\n\n<div data-block-name=\"woocommerce\/product-new\" data-columns=\"4\" data-rows=\"1\" class=\"wc-block-grid wp-block-product-new wp-block-woocommerce-product-new wc-block-product-new has-4-columns\"><ul class=\"wc-block-grid__products\"><li class=\"wc-block-grid__product\">\n\t\t\t\t<a href=\"https:\/\/halkidiki-rentals.gr\/ro\/produs\/plata-pentru-factura-46250-rezervarea-46249-nume-apollo-sea-side-maisonette-nikiti-perioada-din-23-iunie-2026-pana-pe-7-iulie-2026\/\" class=\"wc-block-grid__product-link\">\n\t\t\t\t\t\n\t\t\t\t\t<div class=\"wc-block-grid__product-image\"><img fetchpriority=\"high\" decoding=\"async\" width=\"300\" height=\"300\" src=\"https:\/\/halkidiki-rentals.gr\/wp-content\/uploads\/woocommerce-placeholder-300x300.webp\" class=\"woocommerce-placeholder wp-post-image\" alt=\"\" srcset=\"https:\/\/halkidiki-rentals.gr\/wp-content\/uploads\/woocommerce-placeholder-300x300.webp 300w, https:\/\/halkidiki-rentals.gr\/wp-content\/uploads\/woocommerce-placeholder-100x100.webp 100w, https:\/\/halkidiki-rentals.gr\/wp-content\/uploads\/woocommerce-placeholder-600x600.webp 600w, https:\/\/halkidiki-rentals.gr\/wp-content\/uploads\/woocommerce-placeholder-1024x1024.webp 1024w, https:\/\/halkidiki-rentals.gr\/wp-content\/uploads\/woocommerce-placeholder-150x150.webp 150w, https:\/\/halkidiki-rentals.gr\/wp-content\/uploads\/woocommerce-placeholder-768x768.webp 768w, https:\/\/halkidiki-rentals.gr\/wp-content\/uploads\/woocommerce-placeholder-60x60.webp 60w, https:\/\/halkidiki-rentals.gr\/wp-content\/uploads\/woocommerce-placeholder.webp 1200w\" sizes=\"(max-width: 300px) 100vw, 300px\" \/><\/div>\n\t\t\t\t\t<div class=\"wc-block-grid__product-title\">Plat\u0103 pentru factura 46250, rezervarea 46249, Nume: Apollo Sea Side Maisonette, Nikiti, Perioada: din 23 iunie 2026 p\u00e2n\u0103 pe 7 iulie 2026<\/div>\n\t\t\t\t<\/a>\n\t\t\t\t<div class=\"wc-block-grid__product-price price\"><span class=\"woocommerce-Price-amount amount\">407.79&nbsp;<span class=\"woocommerce-Price-currencySymbol\">&euro;<\/span><\/span> <small class=\"woocommerce-price-suffix\">\u0441 \u0432\u043a\u043b. \u0414\u0414\u0421 <\/small><\/div>\n\t\t\t\t\n\t\t\t\t<div class=\"wp-block-button wc-block-grid__product-add-to-cart\"><a href=\"\/bg\/wp-json\/wp\/v2\/pages\/44039?add-to-cart=46252\" aria-label=\"\u0414\u043e\u0431\u0430\u0432\u0438 \u0432 \u043a\u043e\u043b\u0438\u0447\u043a\u0430\u0442\u0430: &ldquo;Plat\u0103 pentru factura 46250, rezervarea 46249, Nume: Apollo Sea Side Maisonette, Nikiti, Perioada: din 23 iunie 2026 p\u00e2n\u0103 pe 7 iulie 2026&rdquo;\" data-quantity=\"1\" data-product_id=\"46252\" data-product_sku=\"\" data-price=\"407.787611\" rel=\"nofollow\" class=\"wp-block-button__link  add_to_cart_button ajax_add_to_cart\">\u0414\u043e\u0431\u0430\u0432\u044f\u043d\u0435 \u0432 \u043a\u043e\u043b\u0438\u0447\u043a\u0430\u0442\u0430<\/a><\/div>\n\t\t\t<\/li><li class=\"wc-block-grid__product\">\n\t\t\t\t<a href=\"https:\/\/halkidiki-rentals.gr\/ro\/produs\/plata-pentru-factura-46161-rezervarea-46160-nume-proteus-beachfront-villa-toroni-perioada-de-la-28-iunie-2026-pana-la-6-iulie-2026\/\" class=\"wc-block-grid__product-link\">\n\t\t\t\t\t\n\t\t\t\t\t<div class=\"wc-block-grid__product-image\"><img fetchpriority=\"high\" decoding=\"async\" width=\"300\" height=\"300\" src=\"https:\/\/halkidiki-rentals.gr\/wp-content\/uploads\/woocommerce-placeholder-300x300.webp\" class=\"woocommerce-placeholder wp-post-image\" alt=\"\" srcset=\"https:\/\/halkidiki-rentals.gr\/wp-content\/uploads\/woocommerce-placeholder-300x300.webp 300w, https:\/\/halkidiki-rentals.gr\/wp-content\/uploads\/woocommerce-placeholder-100x100.webp 100w, https:\/\/halkidiki-rentals.gr\/wp-content\/uploads\/woocommerce-placeholder-600x600.webp 600w, https:\/\/halkidiki-rentals.gr\/wp-content\/uploads\/woocommerce-placeholder-1024x1024.webp 1024w, https:\/\/halkidiki-rentals.gr\/wp-content\/uploads\/woocommerce-placeholder-150x150.webp 150w, https:\/\/halkidiki-rentals.gr\/wp-content\/uploads\/woocommerce-placeholder-768x768.webp 768w, https:\/\/halkidiki-rentals.gr\/wp-content\/uploads\/woocommerce-placeholder-60x60.webp 60w, https:\/\/halkidiki-rentals.gr\/wp-content\/uploads\/woocommerce-placeholder.webp 1200w\" sizes=\"(max-width: 300px) 100vw, 300px\" \/><\/div>\n\t\t\t\t\t<div class=\"wc-block-grid__product-title\">Plat\u0103 pentru Factura 46161, Rezervarea 46160, Nume: Proteus Beachfront Villa, Toroni, Perioada: de la 28 iunie 2026 p\u00e2n\u0103 la 6 iulie 2026<\/div>\n\t\t\t\t<\/a>\n\t\t\t\t<div class=\"wc-block-grid__product-price price\"><span class=\"woocommerce-Price-amount amount\">1,173.45&nbsp;<span class=\"woocommerce-Price-currencySymbol\">&euro;<\/span><\/span> <small class=\"woocommerce-price-suffix\">\u0441 \u0432\u043a\u043b. \u0414\u0414\u0421 <\/small><\/div>\n\t\t\t\t\n\t\t\t\t<div class=\"wp-block-button wc-block-grid__product-add-to-cart\"><a href=\"\/bg\/wp-json\/wp\/v2\/pages\/44039?add-to-cart=46164\" aria-label=\"\u0414\u043e\u0431\u0430\u0432\u0438 \u0432 \u043a\u043e\u043b\u0438\u0447\u043a\u0430\u0442\u0430: &ldquo;Plat\u0103 pentru Factura 46161, Rezervarea 46160, Nume: Proteus Beachfront Villa, Toroni, Perioada: de la 28 iunie 2026 p\u00e2n\u0103 la 6 iulie 2026&rdquo;\" data-quantity=\"1\" data-product_id=\"46164\" data-product_sku=\"\" data-price=\"1173.451327\" rel=\"nofollow\" class=\"wp-block-button__link  add_to_cart_button ajax_add_to_cart\">\u0414\u043e\u0431\u0430\u0432\u044f\u043d\u0435 \u0432 \u043a\u043e\u043b\u0438\u0447\u043a\u0430\u0442\u0430<\/a><\/div>\n\t\t\t<\/li><li class=\"wc-block-grid__product\">\n\t\t\t\t<a href=\"https:\/\/halkidiki-rentals.gr\/ro\/produs\/plata-pentru-factura-46109-rezervarea-46108-nume-poseidon-maisonette-pe-malul-marii-nikiti-perioada-4-august-2026-14-august-2026\/\" class=\"wc-block-grid__product-link\">\n\t\t\t\t\t\n\t\t\t\t\t<div class=\"wc-block-grid__product-image\"><img fetchpriority=\"high\" decoding=\"async\" width=\"300\" height=\"300\" src=\"https:\/\/halkidiki-rentals.gr\/wp-content\/uploads\/woocommerce-placeholder-300x300.webp\" class=\"woocommerce-placeholder wp-post-image\" alt=\"\" srcset=\"https:\/\/halkidiki-rentals.gr\/wp-content\/uploads\/woocommerce-placeholder-300x300.webp 300w, https:\/\/halkidiki-rentals.gr\/wp-content\/uploads\/woocommerce-placeholder-100x100.webp 100w, https:\/\/halkidiki-rentals.gr\/wp-content\/uploads\/woocommerce-placeholder-600x600.webp 600w, https:\/\/halkidiki-rentals.gr\/wp-content\/uploads\/woocommerce-placeholder-1024x1024.webp 1024w, https:\/\/halkidiki-rentals.gr\/wp-content\/uploads\/woocommerce-placeholder-150x150.webp 150w, https:\/\/halkidiki-rentals.gr\/wp-content\/uploads\/woocommerce-placeholder-768x768.webp 768w, https:\/\/halkidiki-rentals.gr\/wp-content\/uploads\/woocommerce-placeholder-60x60.webp 60w, https:\/\/halkidiki-rentals.gr\/wp-content\/uploads\/woocommerce-placeholder.webp 1200w\" sizes=\"(max-width: 300px) 100vw, 300px\" \/><\/div>\n\t\t\t\t\t<div class=\"wc-block-grid__product-title\">Plat\u0103 pentru factura 46109, rezervarea 46108, Nume: Poseidon, Maisonette pe malul m\u0103rii, Nikiti, Perioada: 4 august 2026 \u2013 14 august 2026<\/div>\n\t\t\t\t<\/a>\n\t\t\t\t<div class=\"wc-block-grid__product-price price\"><span class=\"woocommerce-Price-amount amount\">592.04&nbsp;<span class=\"woocommerce-Price-currencySymbol\">&euro;<\/span><\/span> <small class=\"woocommerce-price-suffix\">\u0441 \u0432\u043a\u043b. \u0414\u0414\u0421 <\/small><\/div>\n\t\t\t\t\n\t\t\t\t<div class=\"wp-block-button wc-block-grid__product-add-to-cart\"><a href=\"\/bg\/wp-json\/wp\/v2\/pages\/44039?add-to-cart=46111\" aria-label=\"\u0414\u043e\u0431\u0430\u0432\u0438 \u0432 \u043a\u043e\u043b\u0438\u0447\u043a\u0430\u0442\u0430: &ldquo;Plat\u0103 pentru factura 46109, rezervarea 46108, Nume: Poseidon, Maisonette pe malul m\u0103rii, Nikiti, Perioada: 4 august 2026 \u2013 14 august 2026&rdquo;\" data-quantity=\"1\" data-product_id=\"46111\" data-product_sku=\"\" data-price=\"592.035398\" rel=\"nofollow\" class=\"wp-block-button__link  add_to_cart_button ajax_add_to_cart\">\u0414\u043e\u0431\u0430\u0432\u044f\u043d\u0435 \u0432 \u043a\u043e\u043b\u0438\u0447\u043a\u0430\u0442\u0430<\/a><\/div>\n\t\t\t<\/li><li class=\"wc-block-grid__product\">\n\t\t\t\t<a href=\"https:\/\/halkidiki-rentals.gr\/ro\/produs\/plata-pentru-factura-46037-rezervarea-46036-nume-proteus-beachfront-villa-toroni-perioada-din-13-august-2026-pana-in-22-august-2026\/\" class=\"wc-block-grid__product-link\">\n\t\t\t\t\t\n\t\t\t\t\t<div class=\"wc-block-grid__product-image\"><img fetchpriority=\"high\" decoding=\"async\" width=\"300\" height=\"300\" src=\"https:\/\/halkidiki-rentals.gr\/wp-content\/uploads\/woocommerce-placeholder-300x300.webp\" class=\"woocommerce-placeholder wp-post-image\" alt=\"\" srcset=\"https:\/\/halkidiki-rentals.gr\/wp-content\/uploads\/woocommerce-placeholder-300x300.webp 300w, https:\/\/halkidiki-rentals.gr\/wp-content\/uploads\/woocommerce-placeholder-100x100.webp 100w, https:\/\/halkidiki-rentals.gr\/wp-content\/uploads\/woocommerce-placeholder-600x600.webp 600w, https:\/\/halkidiki-rentals.gr\/wp-content\/uploads\/woocommerce-placeholder-1024x1024.webp 1024w, https:\/\/halkidiki-rentals.gr\/wp-content\/uploads\/woocommerce-placeholder-150x150.webp 150w, https:\/\/halkidiki-rentals.gr\/wp-content\/uploads\/woocommerce-placeholder-768x768.webp 768w, https:\/\/halkidiki-rentals.gr\/wp-content\/uploads\/woocommerce-placeholder-60x60.webp 60w, https:\/\/halkidiki-rentals.gr\/wp-content\/uploads\/woocommerce-placeholder.webp 1200w\" sizes=\"(max-width: 300px) 100vw, 300px\" \/><\/div>\n\t\t\t\t\t<div class=\"wc-block-grid__product-title\">Plat\u0103 pentru Factura 46037, Rezervarea 46036, Nume: Proteus Beachfront Villa, Toroni, Perioada: din 13 august 2026 p\u00e2n\u0103 \u00een 22 august 2026<\/div>\n\t\t\t\t<\/a>\n\t\t\t\t<div class=\"wc-block-grid__product-price price\"><span class=\"woocommerce-Price-amount amount\">1,608.85&nbsp;<span class=\"woocommerce-Price-currencySymbol\">&euro;<\/span><\/span> <small class=\"woocommerce-price-suffix\">\u0441 \u0432\u043a\u043b. \u0414\u0414\u0421 <\/small><\/div>\n\t\t\t\t\n\t\t\t\t<div class=\"wp-block-button wc-block-grid__product-add-to-cart\"><a href=\"\/bg\/wp-json\/wp\/v2\/pages\/44039?add-to-cart=46041\" aria-label=\"\u0414\u043e\u0431\u0430\u0432\u0438 \u0432 \u043a\u043e\u043b\u0438\u0447\u043a\u0430\u0442\u0430: &ldquo;Plat\u0103 pentru Factura 46037, Rezervarea 46036, Nume: Proteus Beachfront Villa, Toroni, Perioada: din 13 august 2026 p\u00e2n\u0103 \u00een 22 august 2026&rdquo;\" data-quantity=\"1\" data-product_id=\"46041\" data-product_sku=\"\" data-price=\"1608.849558\" rel=\"nofollow\" class=\"wp-block-button__link  add_to_cart_button ajax_add_to_cart\">\u0414\u043e\u0431\u0430\u0432\u044f\u043d\u0435 \u0432 \u043a\u043e\u043b\u0438\u0447\u043a\u0430\u0442\u0430<\/a><\/div>\n\t\t\t<\/li><\/ul><\/div><\/div>\n<\/div>\n","protected":false},"excerpt":{"rendered":"","protected":false},"author":1,"featured_media":0,"parent":0,"menu_order":0,"comment_status":"closed","ping_status":"closed","template":"","meta":{"inline_featured_image":false,"footnotes":""},"class_list":["post-44039","page","type-page","status-publish","hentry"],"yoast_head":"<!-- This site is optimized with the Yoast SEO Premium plugin v26.6 (Yoast SEO v26.6) - https:\/\/yoast.com\/wordpress\/plugins\/seo\/ -->\n<title>\u041a\u043e\u043b\u0438\u0447\u043a\u0430 - Halkidiki Rentals<\/title>\n<meta name=\"robots\" content=\"index, follow, max-snippet:-1, max-image-preview:large, max-video-preview:-1\" \/>\n<link rel=\"canonical\" href=\"https:\/\/halkidiki-rentals.gr\/bg\/%d0%ba%d0%be%d0%bb%d0%b8%d1%87%d0%ba%d0%b0\/\" \/>\n<meta property=\"og:locale\" content=\"bg_BG\" \/>\n<meta property=\"og:type\" content=\"article\" \/>\n<meta property=\"og:title\" content=\"\u041a\u043e\u043b\u0438\u0447\u043a\u0430\" \/>\n<meta property=\"og:url\" content=\"https:\/\/halkidiki-rentals.gr\/bg\/%d0%ba%d0%be%d0%bb%d0%b8%d1%87%d0%ba%d0%b0\/\" \/>\n<meta property=\"og:site_name\" content=\"Halkidiki Rentals\" \/>\n<meta property=\"article:publisher\" content=\"https:\/\/www.facebook.com\/HalkidikiRentals\/\" \/>\n<meta property=\"article:modified_time\" content=\"2026-01-30T15:56:59+00:00\" \/>\n<meta name=\"twitter:card\" content=\"summary_large_image\" \/>\n<script type=\"application\/ld+json\" class=\"yoast-schema-graph\">{\"@context\":\"https:\/\/schema.org\",\"@graph\":[{\"@type\":\"WebPage\",\"@id\":\"https:\/\/halkidiki-rentals.gr\/bg\/%d0%ba%d0%be%d0%bb%d0%b8%d1%87%d0%ba%d0%b0\/\",\"url\":\"https:\/\/halkidiki-rentals.gr\/bg\/%d0%ba%d0%be%d0%bb%d0%b8%d1%87%d0%ba%d0%b0\/\",\"name\":\"\u041a\u043e\u043b\u0438\u0447\u043a\u0430 - Halkidiki Rentals\",\"isPartOf\":{\"@id\":\"https:\/\/halkidiki-rentals.gr\/bg\/#website\"},\"datePublished\":\"2025-10-08T09:52:37+00:00\",\"dateModified\":\"2026-01-30T15:56:59+00:00\",\"breadcrumb\":{\"@id\":\"https:\/\/halkidiki-rentals.gr\/bg\/%d0%ba%d0%be%d0%bb%d0%b8%d1%87%d0%ba%d0%b0\/#breadcrumb\"},\"inLanguage\":\"bg-BG\",\"potentialAction\":[{\"@type\":\"ReadAction\",\"target\":[\"https:\/\/halkidiki-rentals.gr\/bg\/%d0%ba%d0%be%d0%bb%d0%b8%d1%87%d0%ba%d0%b0\/\"]}]},{\"@type\":\"BreadcrumbList\",\"@id\":\"https:\/\/halkidiki-rentals.gr\/bg\/%d0%ba%d0%be%d0%bb%d0%b8%d1%87%d0%ba%d0%b0\/#breadcrumb\",\"itemListElement\":[{\"@type\":\"ListItem\",\"position\":1,\"name\":\"\u041d\u0430\u0447\u0430\u043b\u043e\",\"item\":\"https:\/\/halkidiki-rentals.gr\/bg\/\"},{\"@type\":\"ListItem\",\"position\":2,\"name\":\"\u041a\u043e\u043b\u0438\u0447\u043a\u0430\"}]},{\"@type\":\"WebSite\",\"@id\":\"https:\/\/halkidiki-rentals.gr\/bg\/#website\",\"url\":\"https:\/\/halkidiki-rentals.gr\/bg\/\",\"name\":\"Halkidiki Rentals\",\"description\":\"Your Gateway to Greek Paradise - Vacation Homes in Halkidiki\",\"publisher\":{\"@id\":\"https:\/\/halkidiki-rentals.gr\/bg\/#organization\"},\"alternateName\":\"Chalkidiki Rentals\",\"potentialAction\":[{\"@type\":\"SearchAction\",\"target\":{\"@type\":\"EntryPoint\",\"urlTemplate\":\"https:\/\/halkidiki-rentals.gr\/bg\/?s={search_term_string}\"},\"query-input\":{\"@type\":\"PropertyValueSpecification\",\"valueRequired\":true,\"valueName\":\"search_term_string\"}}],\"inLanguage\":\"bg-BG\"},{\"@type\":\"Organization\",\"@id\":\"https:\/\/halkidiki-rentals.gr\/bg\/#organization\",\"name\":\"Halkidiki Rentals\",\"alternateName\":\"Chalkidiki Rentals\",\"url\":\"https:\/\/halkidiki-rentals.gr\/bg\/\",\"logo\":{\"@type\":\"ImageObject\",\"inLanguage\":\"bg-BG\",\"@id\":\"https:\/\/halkidiki-rentals.gr\/bg\/#\/schema\/logo\/image\/\",\"url\":\"https:\/\/halkidiki-rentals.gr\/wp-content\/uploads\/2025\/10\/Halkidiki-Rentals-LogoW.png\",\"contentUrl\":\"https:\/\/halkidiki-rentals.gr\/wp-content\/uploads\/2025\/10\/Halkidiki-Rentals-LogoW.png\",\"width\":1008,\"height\":238,\"caption\":\"Halkidiki Rentals\"},\"image\":{\"@id\":\"https:\/\/halkidiki-rentals.gr\/bg\/#\/schema\/logo\/image\/\"},\"sameAs\":[\"https:\/\/www.facebook.com\/HalkidikiRentals\/\",\"https:\/\/www.instagram.com\/halkidikirentals\/\",\"https:\/\/wa.me\/306984581703\",\"https:\/\/www.tiktok.com\/@halkidiki.rentals\"],\"email\":\"info@halkidiki-rentals.gr\",\"telephone\":\"+306984581703\"}]}<\/script>\n<!-- \/ Yoast SEO Premium plugin. -->","yoast_head_json":{"title":"\u041a\u043e\u043b\u0438\u0447\u043a\u0430 - Halkidiki Rentals","robots":{"index":"index","follow":"follow","max-snippet":"max-snippet:-1","max-image-preview":"max-image-preview:large","max-video-preview":"max-video-preview:-1"},"canonical":"https:\/\/halkidiki-rentals.gr\/bg\/%d0%ba%d0%be%d0%bb%d0%b8%d1%87%d0%ba%d0%b0\/","og_locale":"bg_BG","og_type":"article","og_title":"\u041a\u043e\u043b\u0438\u0447\u043a\u0430","og_url":"https:\/\/halkidiki-rentals.gr\/bg\/%d0%ba%d0%be%d0%bb%d0%b8%d1%87%d0%ba%d0%b0\/","og_site_name":"Halkidiki Rentals","article_publisher":"https:\/\/www.facebook.com\/HalkidikiRentals\/","article_modified_time":"2026-01-30T15:56:59+00:00","twitter_card":"summary_large_image","schema":{"@context":"https:\/\/schema.org","@graph":[{"@type":"WebPage","@id":"https:\/\/halkidiki-rentals.gr\/bg\/%d0%ba%d0%be%d0%bb%d0%b8%d1%87%d0%ba%d0%b0\/","url":"https:\/\/halkidiki-rentals.gr\/bg\/%d0%ba%d0%be%d0%bb%d0%b8%d1%87%d0%ba%d0%b0\/","name":"\u041a\u043e\u043b\u0438\u0447\u043a\u0430 - Halkidiki Rentals","isPartOf":{"@id":"https:\/\/halkidiki-rentals.gr\/bg\/#website"},"datePublished":"2025-10-08T09:52:37+00:00","dateModified":"2026-01-30T15:56:59+00:00","breadcrumb":{"@id":"https:\/\/halkidiki-rentals.gr\/bg\/%d0%ba%d0%be%d0%bb%d0%b8%d1%87%d0%ba%d0%b0\/#breadcrumb"},"inLanguage":"bg-BG","potentialAction":[{"@type":"ReadAction","target":["https:\/\/halkidiki-rentals.gr\/bg\/%d0%ba%d0%be%d0%bb%d0%b8%d1%87%d0%ba%d0%b0\/"]}]},{"@type":"BreadcrumbList","@id":"https:\/\/halkidiki-rentals.gr\/bg\/%d0%ba%d0%be%d0%bb%d0%b8%d1%87%d0%ba%d0%b0\/#breadcrumb","itemListElement":[{"@type":"ListItem","position":1,"name":"\u041d\u0430\u0447\u0430\u043b\u043e","item":"https:\/\/halkidiki-rentals.gr\/bg\/"},{"@type":"ListItem","position":2,"name":"\u041a\u043e\u043b\u0438\u0447\u043a\u0430"}]},{"@type":"WebSite","@id":"https:\/\/halkidiki-rentals.gr\/bg\/#website","url":"https:\/\/halkidiki-rentals.gr\/bg\/","name":"Halkidiki Rentals","description":"Your Gateway to Greek Paradise - Vacation Homes in Halkidiki","publisher":{"@id":"https:\/\/halkidiki-rentals.gr\/bg\/#organization"},"alternateName":"Chalkidiki Rentals","potentialAction":[{"@type":"SearchAction","target":{"@type":"EntryPoint","urlTemplate":"https:\/\/halkidiki-rentals.gr\/bg\/?s={search_term_string}"},"query-input":{"@type":"PropertyValueSpecification","valueRequired":true,"valueName":"search_term_string"}}],"inLanguage":"bg-BG"},{"@type":"Organization","@id":"https:\/\/halkidiki-rentals.gr\/bg\/#organization","name":"Halkidiki Rentals","alternateName":"Chalkidiki Rentals","url":"https:\/\/halkidiki-rentals.gr\/bg\/","logo":{"@type":"ImageObject","inLanguage":"bg-BG","@id":"https:\/\/halkidiki-rentals.gr\/bg\/#\/schema\/logo\/image\/","url":"https:\/\/halkidiki-rentals.gr\/wp-content\/uploads\/2025\/10\/Halkidiki-Rentals-LogoW.png","contentUrl":"https:\/\/halkidiki-rentals.gr\/wp-content\/uploads\/2025\/10\/Halkidiki-Rentals-LogoW.png","width":1008,"height":238,"caption":"Halkidiki Rentals"},"image":{"@id":"https:\/\/halkidiki-rentals.gr\/bg\/#\/schema\/logo\/image\/"},"sameAs":["https:\/\/www.facebook.com\/HalkidikiRentals\/","https:\/\/www.instagram.com\/halkidikirentals\/","https:\/\/wa.me\/306984581703","https:\/\/www.tiktok.com\/@halkidiki.rentals"],"email":"info@halkidiki-rentals.gr","telephone":"+306984581703"}]}},"_links":{"self":[{"href":"https:\/\/halkidiki-rentals.gr\/bg\/wp-json\/wp\/v2\/pages\/44039","targetHints":{"allow":["GET"]}}],"collection":[{"href":"https:\/\/halkidiki-rentals.gr\/bg\/wp-json\/wp\/v2\/pages"}],"about":[{"href":"https:\/\/halkidiki-rentals.gr\/bg\/wp-json\/wp\/v2\/types\/page"}],"author":[{"embeddable":true,"href":"https:\/\/halkidiki-rentals.gr\/bg\/wp-json\/wp\/v2\/users\/1"}],"replies":[{"embeddable":true,"href":"https:\/\/halkidiki-rentals.gr\/bg\/wp-json\/wp\/v2\/comments?post=44039"}],"version-history":[{"count":0,"href":"https:\/\/halkidiki-rentals.gr\/bg\/wp-json\/wp\/v2\/pages\/44039\/revisions"}],"wp:attachment":[{"href":"https:\/\/halkidiki-rentals.gr\/bg\/wp-json\/wp\/v2\/media?parent=44039"}],"curies":[{"name":"wp","href":"https:\/\/api.w.org\/{rel}","templated":true}]}}