{"id":43821,"date":"2025-11-22T22:26:21","date_gmt":"2025-11-22T20:26:21","guid":{"rendered":"https:\/\/halkidiki-rentals.gr\/metode-de-plata\/"},"modified":"2026-01-28T10:44:48","modified_gmt":"2026-01-28T08:44:48","slug":"metode-de-plata","status":"publish","type":"page","link":"https:\/\/halkidiki-rentals.gr\/ro\/metode-de-plata\/","title":{"rendered":"Metode de plat\u0103"},"content":{"rendered":"\t\t<div data-elementor-type=\"wp-page\" data-elementor-id=\"43821\" class=\"elementor elementor-43821 elementor-42907\" data-elementor-post-type=\"page\">\n\t\t\t\t<div class=\"elementor-element elementor-element-b408ff9 e-con-full e-flex e-con e-parent\" data-id=\"b408ff9\" data-element_type=\"container\" data-settings=\"{&quot;background_background&quot;:&quot;classic&quot;}\">\n\t\t\t\t<div class=\"elementor-element elementor-element-997751d elementor-widget elementor-widget-heading\" data-id=\"997751d\" data-element_type=\"widget\" data-widget_type=\"heading.default\">\n\t\t\t\t\t<h2 class=\"elementor-heading-title elementor-size-default\">METODE DE PLAT\u0102<\/h2>\t\t\t\t<\/div>\n\t\t\t\t<\/div>\n\t\t<div class=\"elementor-element elementor-element-220a72e e-flex e-con-boxed e-con e-parent\" data-id=\"220a72e\" data-element_type=\"container\">\n\t\t\t\t\t<div class=\"e-con-inner\">\n\t\t\t\t<div class=\"elementor-element elementor-element-49520fb elementor-widget elementor-widget-text-editor\" data-id=\"49520fb\" data-element_type=\"widget\" data-widget_type=\"text-editor.default\">\n\t\t\t\t\t\t\t\t\t<p class=\"font-claude-response-body whitespace-normal break-words\">La Halkidiki Rentals, ne str\u0103duim s\u0103 facem experien\u021ba dumneavoastr\u0103 de rezervare c\u00e2t mai u\u0219oar\u0103 \u0219i sigur\u0103 posibil.<\/p><p class=\"font-claude-response-body whitespace-normal break-words\">Oferim multiple op\u021biuni de plat\u0103 convenabile pentru a acomoda oaspe\u021bi din \u00eentreaga lume.<\/p><p class=\"font-claude-response-body whitespace-normal break-words\">Securitatea dumneavoastr\u0103 este prioritatea noastr\u0103 \u0219i toate tranzac\u021biile sunt procesate cu cele mai \u00eenalte standarde de protec\u021bie a datelor.<\/p><h2 class=\"font-claude-response-heading text-text-100 mt-1 -mb-0.5\">Metode de plat\u0103 disponibile<\/h2><h3 class=\"font-claude-response-subheading text-text-100 mt-1 -mb-1.5\">Carduri de credit \u0219i debit<\/h3><p class=\"font-claude-response-body whitespace-normal break-words\">Accept\u0103m toate cardurile de credit \u0219i debit importante pentru pl\u0103\u021bi instantanee \u0219i sigure:<\/p><ul class=\"[&amp;:not(:last-child)_ul]:pb-1 [&amp;:not(:last-child)_ol]:pb-1 list-disc space-y-2.5 pl-7\"><li class=\"whitespace-normal break-words\"><strong>Visa<\/strong><\/li><li class=\"whitespace-normal break-words\"><strong>Mastercard<\/strong><\/li><li class=\"whitespace-normal break-words\"><strong>American Express<\/strong><\/li><li class=\"whitespace-normal break-words\"><strong>Maestro<\/strong><\/li><\/ul><p class=\"font-claude-response-body whitespace-normal break-words\">Pl\u0103\u021bile cu cardul sunt procesate prin intermediul gateway-ului nostru de plat\u0103 securizat cu criptare SSL, asigur\u00e2nd protec\u021bia complet\u0103 a informa\u021biilor dumneavoastr\u0103 financiare. Aceasta este cea mai rapid\u0103 modalitate de a v\u0103 confirma rezervarea instantaneu. <\/p><h3 class=\"font-claude-response-subheading text-text-100 mt-1 -mb-1.5\">Western Union<\/h3><p class=\"font-claude-response-body whitespace-normal break-words\">Pentru oaspe\u021bii interna\u021bionali care prefer\u0103 serviciile tradi\u021bionale de transfer de bani, accept\u0103m pl\u0103\u021bi prin Western Union. Aceast\u0103 metod\u0103 este deosebit de convenabil\u0103 pentru c\u0103l\u0103torii care doresc s\u0103 trimit\u0103 pl\u0103\u021bi din loca\u021bii f\u0103r\u0103 acces la servicii bancare online. <\/p><p class=\"font-claude-response-body whitespace-normal break-words\"><strong>Cum s\u0103 pl\u0103ti\u021bi prin Western Union:<\/strong><\/p><ol class=\"[&amp;:not(:last-child)_ul]:pb-1 [&amp;:not(:last-child)_ol]:pb-1 list-decimal space-y-2.5 pl-7\"><li class=\"whitespace-normal break-words\">Vizita\u021bi cea mai apropiat\u0103 loca\u021bie Western Union sau utiliza\u021bi serviciul lor online<\/li><li class=\"whitespace-normal break-words\">Trimite\u021bi plata la detaliile furnizate \u00een e-mailul de confirmare a rezerv\u0103rii<\/li><li class=\"whitespace-normal break-words\">Trimite\u021bi-ne prin e-mail Num\u0103rul de control al transferului de bani (MTCN)<\/li><li class=\"whitespace-normal break-words\">Rezervarea dumneavoastr\u0103 va fi confirmat\u0103 odat\u0103 ce primim fondurile<\/li><\/ol><p class=\"font-claude-response-body whitespace-normal break-words\"><strong>V\u0103 rug\u0103m s\u0103 re\u021bine\u021bi:<\/strong> Transferurile Western Union pot dura 1-3 zile lucr\u0103toare pentru a fi procesate.<\/p><h3 class=\"font-claude-response-subheading text-text-100 mt-1 -mb-1.5\">Revolut<\/h3><p class=\"font-claude-response-body whitespace-normal break-words\">Accept\u0103m pl\u0103\u021bi prin Revolut, aplica\u021bia bancar\u0103 digital\u0103 modern\u0103 care ofer\u0103 transferuri interna\u021bionale rapide, sigure \u0219i f\u0103r\u0103 taxe. Dac\u0103 sunte\u021bi utilizator Revolut, aceasta este una dintre cele mai rapide modalit\u0103\u021bi de a finaliza plata. <\/p><p class=\"font-claude-response-body whitespace-normal break-words\"><strong>Cum s\u0103 pl\u0103ti\u021bi prin Revolut:<\/strong><\/p><ol class=\"[&amp;:not(:last-child)_ul]:pb-1 [&amp;:not(:last-child)_ol]:pb-1 list-decimal space-y-2.5 pl-7\"><li class=\"whitespace-normal break-words\">Deschide\u021bi aplica\u021bia Revolut<\/li><li class=\"whitespace-normal break-words\">Utiliza\u021bi detaliile contului furnizate \u00een confirmarea rezerv\u0103rii<\/li><li class=\"whitespace-normal break-words\">Finaliza\u021bi transferul<\/li><li class=\"whitespace-normal break-words\">Trimite\u021bi-ne o captur\u0103 de ecran sau o confirmare a tranzac\u021biei<\/li><\/ol><p class=\"font-claude-response-body whitespace-normal break-words\">Pl\u0103\u021bile Revolut sunt de obicei instantanee \u0219i ideale pentru c\u0103l\u0103torii care doresc s\u0103 evite taxele de transfer interna\u021bional.<\/p><h3 class=\"font-claude-response-subheading text-text-100 mt-1 -mb-1.5\">Depunere bancar\u0103 \/ Transfer bancar<\/h3><p class=\"font-claude-response-body whitespace-normal break-words\">Pentru oaspe\u021bii care prefer\u0103 metodele bancare tradi\u021bionale, accept\u0103m depuneri bancare directe \u0219i transferuri bancare \u00een contul nostru de afaceri.<\/p><p class=\"font-claude-response-body whitespace-normal break-words\"><strong>Cum s\u0103 pl\u0103ti\u021bi prin depunere bancar\u0103:<\/strong><\/p><ol class=\"[&amp;:not(:last-child)_ul]:pb-1 [&amp;:not(:last-child)_ol]:pb-1 list-decimal space-y-2.5 pl-7\"><li class=\"whitespace-normal break-words\">Utiliza\u021bi detaliile contului bancar furnizate \u00een e-mailul de confirmare a rezerv\u0103rii<\/li><li class=\"whitespace-normal break-words\">Efectua\u021bi o depunere la orice sucursal\u0103 bancar\u0103 sau prin intermediul serviciilor bancare online<\/li><li class=\"whitespace-normal break-words\">Trimite\u021bi-ne dovada pl\u0103\u021bii (chitan\u021b\u0103 sau confirmare a tranzac\u021biei)<\/li><li class=\"whitespace-normal break-words\">Rezervarea dumneavoastr\u0103 va fi confirmat\u0103 odat\u0103 ce fondurile sunt primite<\/li><\/ol><p class=\"font-claude-response-body whitespace-normal break-words\"><strong>V\u0103 rug\u0103m s\u0103 re\u021bine\u021bi:<\/strong> Transferurile bancare pot dura 2-5 zile lucr\u0103toare, \u00een func\u021bie de loca\u021bia \u0219i banca dumneavoastr\u0103. Transferurile bancare interna\u021bionale pot implica taxe de la banca dumneavoastr\u0103. <\/p>\t\t\t\t\t\t\t\t<\/div>\n\t\t\t\t<div class=\"elementor-element elementor-element-a5f06f0 elementor-widget elementor-widget-text-editor\" data-id=\"a5f06f0\" data-element_type=\"widget\" data-widget_type=\"text-editor.default\">\n\t\t\t\t\t\t\t\t\t<h2 class=\"font-claude-response-heading text-text-100 mt-1 -mb-0.5\">Program de plat\u0103<\/h2><h3 class=\"font-claude-response-subheading text-text-100 mt-1 -mb-1.5\">Plata depozitului<\/h3><p class=\"font-claude-response-body whitespace-normal break-words\">C\u00e2nd face\u021bi o rezervare, este <strong>necesar\u0103 o tax\u0103 de depozit<\/strong> pentru a v\u0103 asigura rezervarea. Valoarea depozitului va fi specificat\u0103 \u00een confirmarea rezerv\u0103rii \u0219i \u00een factur\u0103. Acest depozit este <strong>nerambursabil<\/strong> conform politicii noastre de anulare.  <\/p><h3 class=\"font-claude-response-subheading text-text-100 mt-1 -mb-1.5\">Soldul r\u0103mas<\/h3><p class=\"font-claude-response-body whitespace-normal break-words\">Soldul r\u0103mas este scadent <strong>\u00een \u00eentregime la sosire<\/strong> la proprietate, cu excep\u021bia cazului \u00een care se convine altfel \u00een termenii rezerv\u0103rii dumneavoastr\u0103. Pute\u021bi pl\u0103ti suma r\u0103mas\u0103 prin numerar (EUR) sau oricare dintre metodele de plat\u0103 de mai sus. <\/p>\t\t\t\t\t\t\t\t<\/div>\n\t\t\t\t<div class=\"elementor-element elementor-element-b2e83dd elementor-widget elementor-widget-text-editor\" data-id=\"b2e83dd\" data-element_type=\"widget\" data-widget_type=\"text-editor.default\">\n\t\t\t\t\t\t\t\t\t<h2 class=\"font-claude-response-heading text-text-100 mt-1 -mb-0.5\">Securitatea \u0219i protec\u021bia pl\u0103\u021bilor<\/h2><p class=\"font-claude-response-body whitespace-normal break-words\">Securitatea dumneavoastr\u0103 financiar\u0103 este extrem de important\u0103 pentru noi:<\/p><p class=\"font-claude-response-body whitespace-normal break-words\">\u2705 <strong>Tranzac\u021bii criptate SSL<\/strong> &#8211; Toate pl\u0103\u021bile online sunt protejate cu criptare standard \u00een industrie<\/p><p class=\"font-claude-response-body whitespace-normal break-words\">\u2705 <strong>Gateway de plat\u0103 securizat<\/strong> &#8211; Pl\u0103\u021bile cu cardul de credit sunt procesate prin intermediul procesatorilor de pl\u0103\u021bi certifica\u021bi<\/p><p class=\"font-claude-response-body whitespace-normal break-words\">\u2705 <strong>F\u0103r\u0103 date de card stocate<\/strong> &#8211; Nu stoc\u0103m niciodat\u0103 detaliile complete ale cardului dumneavoastr\u0103 pe serverele noastre<\/p><p class=\"font-claude-response-body whitespace-normal break-words\">\u2705 <strong>Conformitate PCI<\/strong> &#8211; Sistemele noastre de plat\u0103 respect\u0103 standardele interna\u021bionale de securitate<\/p><p class=\"font-claude-response-body whitespace-normal break-words\">\u2705 <strong>Protec\u021bie \u00eempotriva fraudei<\/strong> &#8211; Sisteme avansate de detectare a fraudei monitorizeaz\u0103 toate tranzac\u021biile<\/p>\t\t\t\t\t\t\t\t<\/div>\n\t\t\t\t<div class=\"elementor-element elementor-element-4129600 elementor-widget elementor-widget-text-editor\" data-id=\"4129600\" data-element_type=\"widget\" data-widget_type=\"text-editor.default\">\n\t\t\t\t\t\t\t\t\t<h2 class=\"font-claude-response-heading text-text-100 mt-1 -mb-0.5\">Moned\u0103<\/h2><p class=\"font-claude-response-body whitespace-normal break-words\">Toate pre\u021burile de pe Halkidiki Rentals sunt listate \u00een <strong>Euro (EUR)<\/strong>. Dac\u0103 pl\u0103ti\u021bi \u00eentr-o alt\u0103 moned\u0103, banca sau furnizorul dumneavoastr\u0103 de pl\u0103\u021bi va converti suma la cursul de schimb curent. V\u0103 rug\u0103m s\u0103 verifica\u021bi cu furnizorul dumneavoastr\u0103 de pl\u0103\u021bi cu privire la eventualele taxe de conversie valutar\u0103.  <\/p>\t\t\t\t\t\t\t\t<\/div>\n\t\t\t\t<div class=\"elementor-element elementor-element-72a2651 elementor-widget elementor-widget-text-editor\" data-id=\"72a2651\" data-element_type=\"widget\" data-widget_type=\"text-editor.default\">\n\t\t\t\t\t\t\t\t\t<h2 class=\"font-claude-response-heading text-text-100 mt-1 -mb-0.5\">Confirmarea pl\u0103\u021bii<\/h2><p class=\"font-claude-response-body whitespace-normal break-words\">Dup\u0103 finalizarea pl\u0103\u021bii, ve\u021bi primi:<\/p><ol class=\"[&amp;:not(:last-child)_ul]:pb-1 [&amp;:not(:last-child)_ol]:pb-1 list-decimal space-y-2.5 pl-7\"><li class=\"whitespace-normal break-words\"><strong>Confirmare instantanee prin e-mail<\/strong> &#8211; Confirmarea primirii pl\u0103\u021bii dumneavoastr\u0103<\/li><li class=\"whitespace-normal break-words\"><strong>Factur\u0103 actualizat\u0103<\/strong> &#8211; Afi\u0219area pl\u0103\u021bii primite \u0219i a oric\u0103rui sold r\u0103mas<\/li><li class=\"whitespace-normal break-words\"><strong>Confirmare de rezervare<\/strong> &#8211; Detalii complete ale rezerv\u0103rii dumneavoastr\u0103, inclusiv instruc\u021biuni de check-in (trimise cu 48 de ore \u00eenainte de sosire)<\/li><\/ol>\t\t\t\t\t\t\t\t<\/div>\n\t\t\t\t<div class=\"elementor-element elementor-element-25320d6 elementor-widget elementor-widget-text-editor\" data-id=\"25320d6\" data-element_type=\"widget\" data-widget_type=\"text-editor.default\">\n\t\t\t\t\t\t\t\t\t<h2 class=\"font-claude-response-heading text-text-100 mt-1 -mb-0.5\">Ave\u021bi nevoie de ajutor cu plata?<\/h2><p class=\"font-claude-response-body whitespace-normal break-words\">Dac\u0103 \u00eent\u00e2mpina\u021bi probleme \u00een timpul procesului de plat\u0103 sau ave\u021bi \u00eentreb\u0103ri despre metodele de plat\u0103, echipa noastr\u0103 de asisten\u021b\u0103 este gata s\u0103 v\u0103 ajute:<\/p><p class=\"font-claude-response-body whitespace-normal break-words\">\ud83d\udce7 <strong>E-mail:<\/strong> <a class=\"underline\" href=\"mailto:info@halkidiki-rentals.gr\">info@halkidiki-rentals.gr<\/a><br>\ud83d\udcde <strong>Telefon:<\/strong> +30 237 123 4567<br>\ud83d\udcac <strong>Chat live:<\/strong> Disponibil pe site-ul nostru web \u00een timpul orelor de program<br>\u23f0 <strong>Ore de asisten\u021b\u0103:<\/strong> Luni &#8211; Duminic\u0103, 9:00 &#8211; 21:00 (EET)<\/p>\t\t\t\t\t\t\t\t<\/div>\n\t\t\t\t<div class=\"elementor-element elementor-element-0fb7535 elementor-widget elementor-widget-text-editor\" data-id=\"0fb7535\" data-element_type=\"widget\" data-widget_type=\"text-editor.default\">\n\t\t\t\t\t\t\t\t\t<h2 class=\"font-claude-response-heading text-text-100 mt-1 -mb-0.5\">Ultima actualizare: Noiembrie 2025<\/h2>\t\t\t\t\t\t\t\t<\/div>\n\t\t\t\t\t<\/div>\n\t\t\t\t<\/div>\n\t\t\t\t<\/div>\n\t\t","protected":false},"excerpt":{"rendered":"METODE DE PLAT\u0102 La Halkidiki Rentals, ne str\u0103duim s\u0103 facem experien\u021ba dumneavoastr\u0103 de rezervare c\u00e2t mai u\u0219oar\u0103 \u0219i sigur\u0103 posibil. Oferim multiple op\u021biuni de plat\u0103 convenabile pentru a acomoda oaspe\u021bi din \u00eentreaga lume. Securitatea dumneavoastr\u0103 este prioritatea noastr\u0103 \u0219i toate tranzac\u021biile sunt procesate cu cele mai \u00eenalte standarde de protec\u021bie a datelor. Metode de plat\u0103 &#8230;","protected":false},"author":1,"featured_media":0,"parent":0,"menu_order":0,"comment_status":"closed","ping_status":"closed","template":"elementor_header_footer","meta":{"inline_featured_image":false,"footnotes":""},"class_list":["post-43821","page","type-page","status-publish","hentry"],"yoast_head":"<!-- This site is optimized with the Yoast SEO Premium plugin v26.6 (Yoast SEO v26.6) - https:\/\/yoast.com\/wordpress\/plugins\/seo\/ -->\n<title>Metode de plat\u0103 - Halkidiki Rentals<\/title>\n<meta name=\"robots\" content=\"index, follow, max-snippet:-1, max-image-preview:large, max-video-preview:-1\" \/>\n<link rel=\"canonical\" href=\"https:\/\/halkidiki-rentals.gr\/ro\/metode-de-plata\/\" \/>\n<meta property=\"og:locale\" content=\"ro_RO\" \/>\n<meta property=\"og:type\" content=\"article\" \/>\n<meta property=\"og:title\" content=\"Metode de plat\u0103\" \/>\n<meta property=\"og:description\" content=\"METODE DE PLAT\u0102 La Halkidiki Rentals, ne str\u0103duim s\u0103 facem experien\u021ba dumneavoastr\u0103 de rezervare c\u00e2t mai u\u0219oar\u0103 \u0219i sigur\u0103 posibil. Oferim multiple op\u021biuni de plat\u0103 convenabile pentru a acomoda oaspe\u021bi din \u00eentreaga lume. Securitatea dumneavoastr\u0103 este prioritatea noastr\u0103 \u0219i toate tranzac\u021biile sunt procesate cu cele mai \u00eenalte standarde de protec\u021bie a datelor. Metode de plat\u0103 ...\" \/>\n<meta property=\"og:url\" content=\"https:\/\/halkidiki-rentals.gr\/ro\/metode-de-plata\/\" \/>\n<meta property=\"og:site_name\" content=\"Halkidiki Rentals\" \/>\n<meta property=\"article:publisher\" content=\"https:\/\/www.facebook.com\/HalkidikiRentals\/\" \/>\n<meta property=\"article:modified_time\" content=\"2026-01-28T08:44:48+00:00\" \/>\n<meta name=\"twitter:card\" content=\"summary_large_image\" \/>\n<script type=\"application\/ld+json\" class=\"yoast-schema-graph\">{\"@context\":\"https:\/\/schema.org\",\"@graph\":[{\"@type\":\"WebPage\",\"@id\":\"https:\/\/halkidiki-rentals.gr\/ro\/metode-de-plata\/\",\"url\":\"https:\/\/halkidiki-rentals.gr\/ro\/metode-de-plata\/\",\"name\":\"Metode de plat\u0103 - Halkidiki Rentals\",\"isPartOf\":{\"@id\":\"https:\/\/halkidiki-rentals.gr\/ro\/#website\"},\"datePublished\":\"2025-11-22T20:26:21+00:00\",\"dateModified\":\"2026-01-28T08:44:48+00:00\",\"breadcrumb\":{\"@id\":\"https:\/\/halkidiki-rentals.gr\/ro\/metode-de-plata\/#breadcrumb\"},\"inLanguage\":\"ro-RO\",\"potentialAction\":[{\"@type\":\"ReadAction\",\"target\":[\"https:\/\/halkidiki-rentals.gr\/ro\/metode-de-plata\/\"]}]},{\"@type\":\"BreadcrumbList\",\"@id\":\"https:\/\/halkidiki-rentals.gr\/ro\/metode-de-plata\/#breadcrumb\",\"itemListElement\":[{\"@type\":\"ListItem\",\"position\":1,\"name\":\"Acas\u0103\",\"item\":\"https:\/\/halkidiki-rentals.gr\/ro\/\"},{\"@type\":\"ListItem\",\"position\":2,\"name\":\"Metode de plat\u0103\"}]},{\"@type\":\"WebSite\",\"@id\":\"https:\/\/halkidiki-rentals.gr\/ro\/#website\",\"url\":\"https:\/\/halkidiki-rentals.gr\/ro\/\",\"name\":\"Halkidiki Rentals\",\"description\":\"Your Gateway to Greek Paradise - Vacation Homes in Halkidiki\",\"publisher\":{\"@id\":\"https:\/\/halkidiki-rentals.gr\/ro\/#organization\"},\"alternateName\":\"Chalkidiki Rentals\",\"potentialAction\":[{\"@type\":\"SearchAction\",\"target\":{\"@type\":\"EntryPoint\",\"urlTemplate\":\"https:\/\/halkidiki-rentals.gr\/ro\/?s={search_term_string}\"},\"query-input\":{\"@type\":\"PropertyValueSpecification\",\"valueRequired\":true,\"valueName\":\"search_term_string\"}}],\"inLanguage\":\"ro-RO\"},{\"@type\":\"Organization\",\"@id\":\"https:\/\/halkidiki-rentals.gr\/ro\/#organization\",\"name\":\"Halkidiki Rentals\",\"alternateName\":\"Chalkidiki Rentals\",\"url\":\"https:\/\/halkidiki-rentals.gr\/ro\/\",\"logo\":{\"@type\":\"ImageObject\",\"inLanguage\":\"ro-RO\",\"@id\":\"https:\/\/halkidiki-rentals.gr\/ro\/#\/schema\/logo\/image\/\",\"url\":\"https:\/\/halkidiki-rentals.gr\/wp-content\/uploads\/2025\/10\/Halkidiki-Rentals-LogoW.png\",\"contentUrl\":\"https:\/\/halkidiki-rentals.gr\/wp-content\/uploads\/2025\/10\/Halkidiki-Rentals-LogoW.png\",\"width\":1008,\"height\":238,\"caption\":\"Halkidiki Rentals\"},\"image\":{\"@id\":\"https:\/\/halkidiki-rentals.gr\/ro\/#\/schema\/logo\/image\/\"},\"sameAs\":[\"https:\/\/www.facebook.com\/HalkidikiRentals\/\",\"https:\/\/www.instagram.com\/halkidikirentals\/\",\"https:\/\/wa.me\/306984581703\",\"https:\/\/www.tiktok.com\/@halkidiki.rentals\"],\"email\":\"info@halkidiki-rentals.gr\",\"telephone\":\"+306984581703\"}]}<\/script>\n<!-- \/ Yoast SEO Premium plugin. -->","yoast_head_json":{"title":"Metode de plat\u0103 - Halkidiki Rentals","robots":{"index":"index","follow":"follow","max-snippet":"max-snippet:-1","max-image-preview":"max-image-preview:large","max-video-preview":"max-video-preview:-1"},"canonical":"https:\/\/halkidiki-rentals.gr\/ro\/metode-de-plata\/","og_locale":"ro_RO","og_type":"article","og_title":"Metode de plat\u0103","og_description":"METODE DE PLAT\u0102 La Halkidiki Rentals, ne str\u0103duim s\u0103 facem experien\u021ba dumneavoastr\u0103 de rezervare c\u00e2t mai u\u0219oar\u0103 \u0219i sigur\u0103 posibil. Oferim multiple op\u021biuni de plat\u0103 convenabile pentru a acomoda oaspe\u021bi din \u00eentreaga lume. Securitatea dumneavoastr\u0103 este prioritatea noastr\u0103 \u0219i toate tranzac\u021biile sunt procesate cu cele mai \u00eenalte standarde de protec\u021bie a datelor. Metode de plat\u0103 ...","og_url":"https:\/\/halkidiki-rentals.gr\/ro\/metode-de-plata\/","og_site_name":"Halkidiki Rentals","article_publisher":"https:\/\/www.facebook.com\/HalkidikiRentals\/","article_modified_time":"2026-01-28T08:44:48+00:00","twitter_card":"summary_large_image","schema":{"@context":"https:\/\/schema.org","@graph":[{"@type":"WebPage","@id":"https:\/\/halkidiki-rentals.gr\/ro\/metode-de-plata\/","url":"https:\/\/halkidiki-rentals.gr\/ro\/metode-de-plata\/","name":"Metode de plat\u0103 - Halkidiki Rentals","isPartOf":{"@id":"https:\/\/halkidiki-rentals.gr\/ro\/#website"},"datePublished":"2025-11-22T20:26:21+00:00","dateModified":"2026-01-28T08:44:48+00:00","breadcrumb":{"@id":"https:\/\/halkidiki-rentals.gr\/ro\/metode-de-plata\/#breadcrumb"},"inLanguage":"ro-RO","potentialAction":[{"@type":"ReadAction","target":["https:\/\/halkidiki-rentals.gr\/ro\/metode-de-plata\/"]}]},{"@type":"BreadcrumbList","@id":"https:\/\/halkidiki-rentals.gr\/ro\/metode-de-plata\/#breadcrumb","itemListElement":[{"@type":"ListItem","position":1,"name":"Acas\u0103","item":"https:\/\/halkidiki-rentals.gr\/ro\/"},{"@type":"ListItem","position":2,"name":"Metode de plat\u0103"}]},{"@type":"WebSite","@id":"https:\/\/halkidiki-rentals.gr\/ro\/#website","url":"https:\/\/halkidiki-rentals.gr\/ro\/","name":"Halkidiki Rentals","description":"Your Gateway to Greek Paradise - Vacation Homes in Halkidiki","publisher":{"@id":"https:\/\/halkidiki-rentals.gr\/ro\/#organization"},"alternateName":"Chalkidiki Rentals","potentialAction":[{"@type":"SearchAction","target":{"@type":"EntryPoint","urlTemplate":"https:\/\/halkidiki-rentals.gr\/ro\/?s={search_term_string}"},"query-input":{"@type":"PropertyValueSpecification","valueRequired":true,"valueName":"search_term_string"}}],"inLanguage":"ro-RO"},{"@type":"Organization","@id":"https:\/\/halkidiki-rentals.gr\/ro\/#organization","name":"Halkidiki Rentals","alternateName":"Chalkidiki Rentals","url":"https:\/\/halkidiki-rentals.gr\/ro\/","logo":{"@type":"ImageObject","inLanguage":"ro-RO","@id":"https:\/\/halkidiki-rentals.gr\/ro\/#\/schema\/logo\/image\/","url":"https:\/\/halkidiki-rentals.gr\/wp-content\/uploads\/2025\/10\/Halkidiki-Rentals-LogoW.png","contentUrl":"https:\/\/halkidiki-rentals.gr\/wp-content\/uploads\/2025\/10\/Halkidiki-Rentals-LogoW.png","width":1008,"height":238,"caption":"Halkidiki Rentals"},"image":{"@id":"https:\/\/halkidiki-rentals.gr\/ro\/#\/schema\/logo\/image\/"},"sameAs":["https:\/\/www.facebook.com\/HalkidikiRentals\/","https:\/\/www.instagram.com\/halkidikirentals\/","https:\/\/wa.me\/306984581703","https:\/\/www.tiktok.com\/@halkidiki.rentals"],"email":"info@halkidiki-rentals.gr","telephone":"+306984581703"}]}},"_links":{"self":[{"href":"https:\/\/halkidiki-rentals.gr\/ro\/wp-json\/wp\/v2\/pages\/43821","targetHints":{"allow":["GET"]}}],"collection":[{"href":"https:\/\/halkidiki-rentals.gr\/ro\/wp-json\/wp\/v2\/pages"}],"about":[{"href":"https:\/\/halkidiki-rentals.gr\/ro\/wp-json\/wp\/v2\/types\/page"}],"author":[{"embeddable":true,"href":"https:\/\/halkidiki-rentals.gr\/ro\/wp-json\/wp\/v2\/users\/1"}],"replies":[{"embeddable":true,"href":"https:\/\/halkidiki-rentals.gr\/ro\/wp-json\/wp\/v2\/comments?post=43821"}],"version-history":[{"count":0,"href":"https:\/\/halkidiki-rentals.gr\/ro\/wp-json\/wp\/v2\/pages\/43821\/revisions"}],"wp:attachment":[{"href":"https:\/\/halkidiki-rentals.gr\/ro\/wp-json\/wp\/v2\/media?parent=43821"}],"curies":[{"name":"wp","href":"https:\/\/api.w.org\/{rel}","templated":true}]}}