{"id":43844,"date":"2015-04-21T13:28:29","date_gmt":"2015-04-21T10:28:29","guid":{"rendered":"https:\/\/halkidiki-rentals.gr\/contact\/"},"modified":"2026-01-28T11:17:33","modified_gmt":"2026-01-28T09:17:33","slug":"contact","status":"publish","type":"page","link":"https:\/\/halkidiki-rentals.gr\/ro\/contact\/","title":{"rendered":"Contact"},"content":{"rendered":"\t\t<div data-elementor-type=\"wp-page\" data-elementor-id=\"43844\" class=\"elementor elementor-43844 elementor-254\" data-elementor-post-type=\"page\">\n\t\t\t\t<div class=\"elementor-element elementor-element-515e490 e-flex e-con-boxed e-con e-parent\" data-id=\"515e490\" data-element_type=\"container\" data-settings=\"{&quot;background_background&quot;:&quot;classic&quot;}\">\n\t\t\t\t\t<div class=\"e-con-inner\">\n\t\t\t\t<div class=\"elementor-element elementor-element-f87a400 elementor-widget elementor-widget-heading\" data-id=\"f87a400\" data-element_type=\"widget\" data-widget_type=\"heading.default\">\n\t\t\t\t\t<h2 class=\"elementor-heading-title elementor-size-default\">Conecteaz\u0103-te cu noi<\/h2>\t\t\t\t<\/div>\n\t\t\t\t<div class=\"elementor-element elementor-element-647a90c elementor-widget elementor-widget-heading\" data-id=\"647a90c\" data-element_type=\"widget\" data-widget_type=\"heading.default\">\n\t\t\t\t\t<h2 class=\"elementor-heading-title elementor-size-default\">CONTACTEAZ\u0102-NE<\/h2>\t\t\t\t<\/div>\n\t\t\t\t<div class=\"elementor-element elementor-element-20822e6 elementor-widget elementor-widget-text-editor\" data-id=\"20822e6\" data-element_type=\"widget\" data-widget_type=\"text-editor.default\">\n\t\t\t\t\t\t\t\t\t<p>Pentru rezerv\u0103ri \u0219i \u00eentreb\u0103ri, v\u0103 rug\u0103m s\u0103 ne suna\u021bi sau s\u0103 ne scrie\u021bi.<\/p>\t\t\t\t\t\t\t\t<\/div>\n\t\t\t\t\t<\/div>\n\t\t\t\t<\/div>\n\t\t<div class=\"elementor-element elementor-element-1bb3f45 e-con-full e-flex e-con e-parent\" data-id=\"1bb3f45\" data-element_type=\"container\" data-settings=\"{&quot;background_background&quot;:&quot;classic&quot;,&quot;shape_divider_top&quot;:&quot;split&quot;}\">\n\t\t\t\t<div class=\"elementor-shape elementor-shape-top\" aria-hidden=\"true\" data-negative=\"false\">\n\t\t\t<svg xmlns=\"http:\/\/www.w3.org\/2000\/svg\" viewBox=\"0 0 1000 20\" preserveAspectRatio=\"none\">\n\t<path class=\"elementor-shape-fill\" d=\"M0,0v3c0,0,393.8,0,483.4,0c9.2,0,16.6,7.4,16.6,16.6c0-9.1,7.4-16.6,16.6-16.6C606.2,3,1000,3,1000,3V0H0z\"\/>\n<\/svg>\t\t<\/div>\n\t\t<div class=\"elementor-element elementor-element-867ca54 e-con-full e-flex e-con e-child\" data-id=\"867ca54\" data-element_type=\"container\">\n\t\t<div class=\"elementor-element elementor-element-6a6a20a e-con-full e-flex e-con e-child\" data-id=\"6a6a20a\" data-element_type=\"container\">\n\t\t\t\t<div class=\"elementor-element elementor-element-0e47f8a elementor-widget elementor-widget-heading\" data-id=\"0e47f8a\" data-element_type=\"widget\" data-widget_type=\"heading.default\">\n\t\t\t\t\t<h3 class=\"elementor-heading-title elementor-size-default\">Informa\u021bii de contact<\/h3>\t\t\t\t<\/div>\n\t\t\t\t<div class=\"elementor-element elementor-element-1904af6 elementor-widget elementor-widget-heading\" data-id=\"1904af6\" data-element_type=\"widget\" data-widget_type=\"heading.default\">\n\t\t\t\t\t<h2 class=\"elementor-heading-title elementor-size-default\">HALKIDIKI RENTALS<\/h2>\t\t\t\t<\/div>\n\t\t\t\t<div class=\"elementor-element elementor-element-c24fe21 elementor-widget__width-initial elementor-widget elementor-widget-heading\" data-id=\"c24fe21\" data-element_type=\"widget\" data-widget_type=\"heading.default\">\n\t\t\t\t\t<p class=\"elementor-heading-title elementor-size-default\">Agios Nikolaos, 630 78<br>Payloy Payloydi 1,<br>Sithonia<\/p>\t\t\t\t<\/div>\n\t\t\t\t<\/div>\n\t\t<div class=\"elementor-element elementor-element-8c0752b e-con-full e-flex e-con e-child\" data-id=\"8c0752b\" data-element_type=\"container\">\n\t\t<div class=\"elementor-element elementor-element-85d6c23 e-con-full e-flex e-con e-child\" data-id=\"85d6c23\" data-element_type=\"container\">\n\t\t\t\t<div class=\"elementor-element elementor-element-030e1cf elementor-widget elementor-widget-heading\" data-id=\"030e1cf\" data-element_type=\"widget\" data-widget_type=\"heading.default\">\n\t\t\t\t\t<h2 class=\"elementor-heading-title elementor-size-default\">Informa\u021bii de contact<\/h2>\t\t\t\t<\/div>\n\t\t<div class=\"elementor-element elementor-element-da0b388 e-con-full e-flex e-con e-child\" data-id=\"da0b388\" data-element_type=\"container\">\n\t\t\t\t<div class=\"elementor-element elementor-element-91b234c elementor-widget elementor-widget-image\" data-id=\"91b234c\" data-element_type=\"widget\" data-widget_type=\"image.default\">\n\t\t\t\t\t\t\t\t\t\t\t\t\t\t\t<img decoding=\"async\" width=\"128\" height=\"128\" src=\"https:\/\/halkidiki-rentals.gr\/wp-content\/uploads\/2025\/12\/viber-min.png\" class=\"attachment-full size-full wp-image-43846\" alt=\"\" srcset=\"https:\/\/halkidiki-rentals.gr\/wp-content\/uploads\/2025\/12\/viber-min.png 128w, https:\/\/halkidiki-rentals.gr\/wp-content\/uploads\/2025\/12\/viber-min-60x60.png 60w, https:\/\/halkidiki-rentals.gr\/wp-content\/uploads\/2025\/12\/viber-min-100x100.png 100w\" sizes=\"(max-width: 128px) 100vw, 128px\" \/>\t\t\t\t\t\t\t\t\t\t\t\t\t\t\t<\/div>\n\t\t\t\t<div class=\"elementor-element elementor-element-a8a370e elementor-widget elementor-widget-image\" data-id=\"a8a370e\" data-element_type=\"widget\" data-widget_type=\"image.default\">\n\t\t\t\t\t\t\t\t\t\t\t\t\t\t\t<img decoding=\"async\" width=\"128\" height=\"128\" src=\"https:\/\/halkidiki-rentals.gr\/wp-content\/uploads\/2025\/12\/WhatsApp-min.png\" class=\"attachment-full size-full wp-image-43847\" alt=\"\" srcset=\"https:\/\/halkidiki-rentals.gr\/wp-content\/uploads\/2025\/12\/WhatsApp-min.png 128w, https:\/\/halkidiki-rentals.gr\/wp-content\/uploads\/2025\/12\/WhatsApp-min-60x60.png 60w, https:\/\/halkidiki-rentals.gr\/wp-content\/uploads\/2025\/12\/WhatsApp-min-100x100.png 100w\" sizes=\"(max-width: 128px) 100vw, 128px\" \/>\t\t\t\t\t\t\t\t\t\t\t\t\t\t\t<\/div>\n\t\t\t\t<\/div>\n\t\t\t\t<div class=\"elementor-element elementor-element-fd5d15e elementor-icon-list--layout-traditional elementor-list-item-link-full_width elementor-widget elementor-widget-icon-list\" data-id=\"fd5d15e\" data-element_type=\"widget\" data-widget_type=\"icon-list.default\">\n\t\t\t\t\t\t\t<ul class=\"elementor-icon-list-items\">\n\t\t\t\t\t\t\t<li class=\"elementor-icon-list-item\">\n\t\t\t\t\t\t\t\t\t\t\t<a href=\"tel:+306984581703\" target=\"_blank\">\n\n\t\t\t\t\t\t\t\t\t\t\t\t<span class=\"elementor-icon-list-icon\">\n\t\t\t\t\t\t\t<svg aria-hidden=\"true\" class=\"e-font-icon-svg e-fas-mobile-alt\" viewBox=\"0 0 320 512\" xmlns=\"http:\/\/www.w3.org\/2000\/svg\"><path d=\"M272 0H48C21.5 0 0 21.5 0 48v416c0 26.5 21.5 48 48 48h224c26.5 0 48-21.5 48-48V48c0-26.5-21.5-48-48-48zM160 480c-17.7 0-32-14.3-32-32s14.3-32 32-32 32 14.3 32 32-14.3 32-32 32zm112-108c0 6.6-5.4 12-12 12H60c-6.6 0-12-5.4-12-12V60c0-6.6 5.4-12 12-12h200c6.6 0 12 5.4 12 12v312z\"><\/path><\/svg>\t\t\t\t\t\t<\/span>\n\t\t\t\t\t\t\t\t\t\t<span class=\"elementor-icon-list-text\">+30 6984 581 703<\/span>\n\t\t\t\t\t\t\t\t\t\t\t<\/a>\n\t\t\t\t\t\t\t\t\t<\/li>\n\t\t\t\t\t\t\t\t<li class=\"elementor-icon-list-item\">\n\t\t\t\t\t\t\t\t\t\t\t<a href=\"tel:+306973511635\" target=\"_blank\">\n\n\t\t\t\t\t\t\t\t\t\t\t\t<span class=\"elementor-icon-list-icon\">\n\t\t\t\t\t\t\t<svg aria-hidden=\"true\" class=\"e-font-icon-svg e-fas-mobile-alt\" viewBox=\"0 0 320 512\" xmlns=\"http:\/\/www.w3.org\/2000\/svg\"><path d=\"M272 0H48C21.5 0 0 21.5 0 48v416c0 26.5 21.5 48 48 48h224c26.5 0 48-21.5 48-48V48c0-26.5-21.5-48-48-48zM160 480c-17.7 0-32-14.3-32-32s14.3-32 32-32 32 14.3 32 32-14.3 32-32 32zm112-108c0 6.6-5.4 12-12 12H60c-6.6 0-12-5.4-12-12V60c0-6.6 5.4-12 12-12h200c6.6 0 12 5.4 12 12v312z\"><\/path><\/svg>\t\t\t\t\t\t<\/span>\n\t\t\t\t\t\t\t\t\t\t<span class=\"elementor-icon-list-text\">+30 6973 511 635<\/span>\n\t\t\t\t\t\t\t\t\t\t\t<\/a>\n\t\t\t\t\t\t\t\t\t<\/li>\n\t\t\t\t\t\t\t\t<li class=\"elementor-icon-list-item\">\n\t\t\t\t\t\t\t\t\t\t\t<a href=\"mailto:info@halkidiki-rentals.gr\" target=\"_blank\">\n\n\t\t\t\t\t\t\t\t\t\t\t\t<span class=\"elementor-icon-list-icon\">\n\t\t\t\t\t\t\t<svg aria-hidden=\"true\" class=\"e-font-icon-svg e-far-envelope\" viewBox=\"0 0 512 512\" xmlns=\"http:\/\/www.w3.org\/2000\/svg\"><path d=\"M464 64H48C21.49 64 0 85.49 0 112v288c0 26.51 21.49 48 48 48h416c26.51 0 48-21.49 48-48V112c0-26.51-21.49-48-48-48zm0 48v40.805c-22.422 18.259-58.168 46.651-134.587 106.49-16.841 13.247-50.201 45.072-73.413 44.701-23.208.375-56.579-31.459-73.413-44.701C106.18 199.465 70.425 171.067 48 152.805V112h416zM48 400V214.398c22.914 18.251 55.409 43.862 104.938 82.646 21.857 17.205 60.134 55.186 103.062 54.955 42.717.231 80.509-37.199 103.053-54.947 49.528-38.783 82.032-64.401 104.947-82.653V400H48z\"><\/path><\/svg>\t\t\t\t\t\t<\/span>\n\t\t\t\t\t\t\t\t\t\t<span class=\"elementor-icon-list-text\">info@halkidiki-rentals.gr<\/span>\n\t\t\t\t\t\t\t\t\t\t\t<\/a>\n\t\t\t\t\t\t\t\t\t<\/li>\n\t\t\t\t\t\t<\/ul>\n\t\t\t\t\t\t<\/div>\n\t\t\t\t<\/div>\n\t\t<div class=\"elementor-element elementor-element-823b8af e-con-full e-flex e-con e-child\" data-id=\"823b8af\" data-element_type=\"container\">\n\t\t\t\t<div class=\"elementor-element elementor-element-05fc2e8 elementor-widget elementor-widget-heading\" data-id=\"05fc2e8\" data-element_type=\"widget\" data-widget_type=\"heading.default\">\n\t\t\t\t\t<h2 class=\"elementor-heading-title elementor-size-default\">Program de contact<\/h2>\t\t\t\t<\/div>\n\t\t\t\t<div class=\"elementor-element elementor-element-9320362 elementor-widget elementor-widget-heading\" data-id=\"9320362\" data-element_type=\"widget\" data-widget_type=\"heading.default\">\n\t\t\t\t\t<p class=\"elementor-heading-title elementor-size-default\">00:00 - 00:00<br> \nLuni - Duminic\u0103<\/p>\t\t\t\t<\/div>\n\t\t\t\t<\/div>\n\t\t\t\t<\/div>\n\t\t\t\t<\/div>\n\t\t<div class=\"elementor-element elementor-element-3028f31 e-con-full e-flex e-con e-child\" data-id=\"3028f31\" data-element_type=\"container\" data-settings=\"{&quot;background_background&quot;:&quot;classic&quot;}\">\n\t\t<div class=\"elementor-element elementor-element-3366cc7 e-con-full e-flex e-con e-child\" data-id=\"3366cc7\" data-element_type=\"container\" data-settings=\"{&quot;background_background&quot;:&quot;classic&quot;}\">\n\t\t\t\t<div class=\"elementor-element elementor-element-24e577d elementor-widget elementor-widget-heading\" data-id=\"24e577d\" data-element_type=\"widget\" data-widget_type=\"heading.default\">\n\t\t\t\t\t<h2 class=\"elementor-heading-title elementor-size-default\">S\u0103 \u00eencepem o conversa\u021bie<\/h2>\t\t\t\t<\/div>\n\t\t\t\t<div class=\"elementor-element elementor-element-7e7d803 elementor-button-align-stretch elementor-widget elementor-widget-WpRentals_Contact_Form_Builder\" data-id=\"7e7d803\" data-element_type=\"widget\" data-widget_type=\"WpRentals_Contact_Form_Builder.default\">\n\t\t\t\t<div class=\"elementor-widget-container\">\n\t\t\t\t\t\n\n\n\n\n\t\t\t<form class=\"elementor-form wprentals_elementor_form\"  id=\"wprentals-elementor-form-7e7d803\" method=\"post\" >\n            <div id=\"booking_form_request_mess_modal\"><\/div>\n\n            <input name=\"prop_id\" type=\"hidden\"  id=\"contact_form_elementor\" value=\"1\">\n            <input type=\"hidden\" name=\"contact_ajax_nonce\" id=\"agent_property_ajax_nonce\"  value=\"e6d5212edd\" \/>\n\n            <input type=\"hidden\" id=\"elementor_email_subject\" name=\"email_suject\" value=\"New Message\" \/>\n            <div class=\"alert-message\" id=\"booking_form_request_mess_elementor\"><\/div>\n            \n\t\t\t\t\t\t<div class=\"elementor-form-fields-wrapper elementor-labels-above\">\n\t\t\t\t\t\t\t\t<div class=\"elementor-field-group elementor-column form-group elementor-field-group-name elementor-field-required elementor-col-100\"><label for=\"form-field-name\" class=\"elementor-field-label elementor-screen-only\">Name*<\/label><input type=\"text\" name=\"name\" id=\"rentals_contact_builder_name\" class=\"elementor-field form-control elementor-size-sm elementor-field-textual\" required=\"required\" placeholder=\"Full Name\"><\/div><div class=\"elementor-field-group elementor-column form-group elementor-field-group-email elementor-field-required elementor-col-50\"><label for=\"form-field-email\" class=\"elementor-field-label elementor-screen-only\">Email*<\/label><input type=\"email\" name=\"email\" id=\"rentals_contact_builder_email\" class=\"elementor-field form-control elementor-size-sm elementor-field-textual\" required=\"required\" placeholder=\"Email\"><\/div><div class=\"elementor-field-group elementor-column form-group elementor-field-group-booking_from_date elementor-field-required elementor-col-50\"><label for=\"form-field-booking_from_date\" class=\"elementor-field-label elementor-screen-only\">Mobile*<\/label><input type=\"text\" name=\"mobile\" id=\"rentals_contact_builder_mobile\" class=\"elementor-field form-control elementor-size-sm elementor-field-textual\" required=\"required\" placeholder=\"Mobile number\"><\/div><div class=\"elementor-field-group elementor-column form-group elementor-field-group-message elementor-field-required elementor-col-100\"><label for=\"form-field-message\" class=\"elementor-field-label elementor-screen-only\">Message*<\/label><textarea class=\"form-control elementor-field-textual elementor-field elementor-size-sm\" name=\"message\" id=\"form-field-message\" rows=\"4\" required=\"required\" placeholder=\"Message\"><\/textarea><\/div>\n\t\t\t\t\t\t\t\t<div class=\"elementor-field-group elementor-column elementor-field-type-submit elementor-col-100\">\n\t\t\t\t\t\t\t\t\t<div class=\"gpr_wrapper\"><input type=\"checkbox\" id=\"wpestate_agree_gdpr\" class=\"wpestate_agree_gdpr\" name=\"wpestate_agree_gdpr\" \/>\n\t\t\t\t\t\t\t\t\t\t\t\t\t\t<label for=\"wpestate_agree_gdpr\"><a target=\"_blank\" href=\"https:\/\/halkidiki-rentals.gr\/ro\/politica-de-confidentialitate\/\">I consent to the GDPR Terms<\/a><\/label><\/div>\n\t\t\t\t\t\t\t\t\t\t\t\t\t\t\t\t\t\t\t\t\t<button type=\"submit\" class=\"agent_submit_class_elementor wpresidence_button wprentals_button_elementor elementor-button elementor-size-md\">\n\t\t\t\t\t\t\t\t\t\t\t\t\t\t\t\t\t\t\t\t\t\t\t\tSend Your Message\t\t\t\t\t\t\t\t\t\t\t\t\t\t\t\t\t\t\t\t<\/button>\n\n\t\t\t\t\t\t\t\t<\/div>\n\t\t\t\t\t\t<\/div>\n\n\n\n\t\t\t\t<\/form>\n        <script>\n\n            jQuery(document).ready(function() {\n           \n                jQuery('input[name=\"booking_from_date\"]').each(function(){             \n                    var item_parent =   jQuery(this).parent().parent();\n                    var in_date     =   item_parent.find('input[name=\"booking_from_date\"]') .attr('id');\n                    var out_date    =   item_parent.find('input[name=\"booking_to_date\"]') .attr('id');\n \n                    wpestaste_check_in_out_enable_new(in_date, out_date);\n                    \n                });\n                wprentals_elementor_submit_form();\n            });\n        <\/script>\n\n\n\n    \t\t\t\t<\/div>\n\t\t\t\t<\/div>\n\t\t\t\t<\/div>\n\t\t\t\t<\/div>\n\t\t\t\t<\/div>\n\t\t\t\t<\/div>\n\t\t","protected":false},"excerpt":{"rendered":"Conecteaz\u0103-te cu noi CONTACTEAZ\u0102-NE Pentru rezerv\u0103ri \u0219i \u00eentreb\u0103ri, v\u0103 rug\u0103m s\u0103 ne suna\u021bi sau s\u0103 ne scrie\u021bi. Informa\u021bii de contact HALKIDIKI RENTALS Agios Nikolaos, 630 78Payloy Payloydi 1,Sithonia Informa\u021bii de contact +30 6984 581 703 +30 6973 511 635 info@halkidiki-rentals.gr Program de contact 00:00 &#8211; 00:00 Luni &#8211; Duminic\u0103 S\u0103 \u00eencepem o conversa\u021bie Name*Email*Mobile*Message* I &#8230;","protected":false},"author":1,"featured_media":0,"parent":0,"menu_order":0,"comment_status":"open","ping_status":"open","template":"elementor_header_footer","meta":{"inline_featured_image":false,"footnotes":""},"class_list":["post-43844","page","type-page","status-publish","hentry"],"yoast_head":"<!-- This site is optimized with the Yoast SEO Premium plugin v26.6 (Yoast SEO v26.6) - https:\/\/yoast.com\/wordpress\/plugins\/seo\/ -->\n<title>Contact - Halkidiki Rentals<\/title>\n<meta name=\"robots\" content=\"index, follow, max-snippet:-1, max-image-preview:large, max-video-preview:-1\" \/>\n<link rel=\"canonical\" href=\"https:\/\/halkidiki-rentals.gr\/ro\/contact\/\" \/>\n<meta property=\"og:locale\" content=\"ro_RO\" \/>\n<meta property=\"og:type\" content=\"article\" \/>\n<meta property=\"og:title\" content=\"Contact\" \/>\n<meta property=\"og:description\" content=\"Conecteaz\u0103-te cu noi CONTACTEAZ\u0102-NE Pentru rezerv\u0103ri \u0219i \u00eentreb\u0103ri, v\u0103 rug\u0103m s\u0103 ne suna\u021bi sau s\u0103 ne scrie\u021bi. Informa\u021bii de contact HALKIDIKI RENTALS Agios Nikolaos, 630 78Payloy Payloydi 1,Sithonia Informa\u021bii de contact +30 6984 581 703 +30 6973 511 635 info@halkidiki-rentals.gr Program de contact 00:00 &#8211; 00:00 Luni &#8211; Duminic\u0103 S\u0103 \u00eencepem o conversa\u021bie Name*Email*Mobile*Message* I ...\" \/>\n<meta property=\"og:url\" content=\"https:\/\/halkidiki-rentals.gr\/ro\/contact\/\" \/>\n<meta property=\"og:site_name\" content=\"Halkidiki Rentals\" \/>\n<meta property=\"article:publisher\" content=\"https:\/\/www.facebook.com\/HalkidikiRentals\/\" \/>\n<meta property=\"article:modified_time\" content=\"2026-01-28T09:17:33+00:00\" \/>\n<meta property=\"og:image\" content=\"https:\/\/halkidiki-rentals.gr\/wp-content\/uploads\/2025\/12\/viber-min.png\" \/>\n\t<meta property=\"og:image:width\" content=\"128\" \/>\n\t<meta property=\"og:image:height\" content=\"128\" \/>\n\t<meta property=\"og:image:type\" content=\"image\/png\" \/>\n<meta name=\"twitter:card\" content=\"summary_large_image\" \/>\n<script type=\"application\/ld+json\" class=\"yoast-schema-graph\">{\"@context\":\"https:\/\/schema.org\",\"@graph\":[{\"@type\":\"WebPage\",\"@id\":\"https:\/\/halkidiki-rentals.gr\/ro\/contact\/\",\"url\":\"https:\/\/halkidiki-rentals.gr\/ro\/contact\/\",\"name\":\"Contact - Halkidiki Rentals\",\"isPartOf\":{\"@id\":\"https:\/\/halkidiki-rentals.gr\/ro\/#website\"},\"primaryImageOfPage\":{\"@id\":\"https:\/\/halkidiki-rentals.gr\/ro\/contact\/#primaryimage\"},\"image\":{\"@id\":\"https:\/\/halkidiki-rentals.gr\/ro\/contact\/#primaryimage\"},\"thumbnailUrl\":\"https:\/\/halkidiki-rentals.gr\/wp-content\/uploads\/2025\/12\/viber-min.png\",\"datePublished\":\"2015-04-21T10:28:29+00:00\",\"dateModified\":\"2026-01-28T09:17:33+00:00\",\"breadcrumb\":{\"@id\":\"https:\/\/halkidiki-rentals.gr\/ro\/contact\/#breadcrumb\"},\"inLanguage\":\"ro-RO\",\"potentialAction\":[{\"@type\":\"ReadAction\",\"target\":[\"https:\/\/halkidiki-rentals.gr\/ro\/contact\/\"]}]},{\"@type\":\"ImageObject\",\"inLanguage\":\"ro-RO\",\"@id\":\"https:\/\/halkidiki-rentals.gr\/ro\/contact\/#primaryimage\",\"url\":\"https:\/\/halkidiki-rentals.gr\/wp-content\/uploads\/2025\/12\/viber-min.png\",\"contentUrl\":\"https:\/\/halkidiki-rentals.gr\/wp-content\/uploads\/2025\/12\/viber-min.png\"},{\"@type\":\"BreadcrumbList\",\"@id\":\"https:\/\/halkidiki-rentals.gr\/ro\/contact\/#breadcrumb\",\"itemListElement\":[{\"@type\":\"ListItem\",\"position\":1,\"name\":\"Acas\u0103\",\"item\":\"https:\/\/halkidiki-rentals.gr\/ro\/\"},{\"@type\":\"ListItem\",\"position\":2,\"name\":\"Contact\"}]},{\"@type\":\"WebSite\",\"@id\":\"https:\/\/halkidiki-rentals.gr\/ro\/#website\",\"url\":\"https:\/\/halkidiki-rentals.gr\/ro\/\",\"name\":\"Halkidiki Rentals\",\"description\":\"Your Gateway to Greek Paradise - Vacation Homes in Halkidiki\",\"publisher\":{\"@id\":\"https:\/\/halkidiki-rentals.gr\/ro\/#organization\"},\"alternateName\":\"Chalkidiki Rentals\",\"potentialAction\":[{\"@type\":\"SearchAction\",\"target\":{\"@type\":\"EntryPoint\",\"urlTemplate\":\"https:\/\/halkidiki-rentals.gr\/ro\/?s={search_term_string}\"},\"query-input\":{\"@type\":\"PropertyValueSpecification\",\"valueRequired\":true,\"valueName\":\"search_term_string\"}}],\"inLanguage\":\"ro-RO\"},{\"@type\":\"Organization\",\"@id\":\"https:\/\/halkidiki-rentals.gr\/ro\/#organization\",\"name\":\"Halkidiki Rentals\",\"alternateName\":\"Chalkidiki Rentals\",\"url\":\"https:\/\/halkidiki-rentals.gr\/ro\/\",\"logo\":{\"@type\":\"ImageObject\",\"inLanguage\":\"ro-RO\",\"@id\":\"https:\/\/halkidiki-rentals.gr\/ro\/#\/schema\/logo\/image\/\",\"url\":\"https:\/\/halkidiki-rentals.gr\/wp-content\/uploads\/2025\/10\/Halkidiki-Rentals-LogoW.png\",\"contentUrl\":\"https:\/\/halkidiki-rentals.gr\/wp-content\/uploads\/2025\/10\/Halkidiki-Rentals-LogoW.png\",\"width\":1008,\"height\":238,\"caption\":\"Halkidiki Rentals\"},\"image\":{\"@id\":\"https:\/\/halkidiki-rentals.gr\/ro\/#\/schema\/logo\/image\/\"},\"sameAs\":[\"https:\/\/www.facebook.com\/HalkidikiRentals\/\",\"https:\/\/www.instagram.com\/halkidikirentals\/\",\"https:\/\/wa.me\/306984581703\",\"https:\/\/www.tiktok.com\/@halkidiki.rentals\"],\"email\":\"info@halkidiki-rentals.gr\",\"telephone\":\"+306984581703\"}]}<\/script>\n<!-- \/ Yoast SEO Premium plugin. -->","yoast_head_json":{"title":"Contact - Halkidiki Rentals","robots":{"index":"index","follow":"follow","max-snippet":"max-snippet:-1","max-image-preview":"max-image-preview:large","max-video-preview":"max-video-preview:-1"},"canonical":"https:\/\/halkidiki-rentals.gr\/ro\/contact\/","og_locale":"ro_RO","og_type":"article","og_title":"Contact","og_description":"Conecteaz\u0103-te cu noi CONTACTEAZ\u0102-NE Pentru rezerv\u0103ri \u0219i \u00eentreb\u0103ri, v\u0103 rug\u0103m s\u0103 ne suna\u021bi sau s\u0103 ne scrie\u021bi. Informa\u021bii de contact HALKIDIKI RENTALS Agios Nikolaos, 630 78Payloy Payloydi 1,Sithonia Informa\u021bii de contact +30 6984 581 703 +30 6973 511 635 info@halkidiki-rentals.gr Program de contact 00:00 &#8211; 00:00 Luni &#8211; Duminic\u0103 S\u0103 \u00eencepem o conversa\u021bie Name*Email*Mobile*Message* I ...","og_url":"https:\/\/halkidiki-rentals.gr\/ro\/contact\/","og_site_name":"Halkidiki Rentals","article_publisher":"https:\/\/www.facebook.com\/HalkidikiRentals\/","article_modified_time":"2026-01-28T09:17:33+00:00","og_image":[{"width":128,"height":128,"url":"https:\/\/halkidiki-rentals.gr\/wp-content\/uploads\/2025\/12\/viber-min.png","type":"image\/png"}],"twitter_card":"summary_large_image","schema":{"@context":"https:\/\/schema.org","@graph":[{"@type":"WebPage","@id":"https:\/\/halkidiki-rentals.gr\/ro\/contact\/","url":"https:\/\/halkidiki-rentals.gr\/ro\/contact\/","name":"Contact - Halkidiki Rentals","isPartOf":{"@id":"https:\/\/halkidiki-rentals.gr\/ro\/#website"},"primaryImageOfPage":{"@id":"https:\/\/halkidiki-rentals.gr\/ro\/contact\/#primaryimage"},"image":{"@id":"https:\/\/halkidiki-rentals.gr\/ro\/contact\/#primaryimage"},"thumbnailUrl":"https:\/\/halkidiki-rentals.gr\/wp-content\/uploads\/2025\/12\/viber-min.png","datePublished":"2015-04-21T10:28:29+00:00","dateModified":"2026-01-28T09:17:33+00:00","breadcrumb":{"@id":"https:\/\/halkidiki-rentals.gr\/ro\/contact\/#breadcrumb"},"inLanguage":"ro-RO","potentialAction":[{"@type":"ReadAction","target":["https:\/\/halkidiki-rentals.gr\/ro\/contact\/"]}]},{"@type":"ImageObject","inLanguage":"ro-RO","@id":"https:\/\/halkidiki-rentals.gr\/ro\/contact\/#primaryimage","url":"https:\/\/halkidiki-rentals.gr\/wp-content\/uploads\/2025\/12\/viber-min.png","contentUrl":"https:\/\/halkidiki-rentals.gr\/wp-content\/uploads\/2025\/12\/viber-min.png"},{"@type":"BreadcrumbList","@id":"https:\/\/halkidiki-rentals.gr\/ro\/contact\/#breadcrumb","itemListElement":[{"@type":"ListItem","position":1,"name":"Acas\u0103","item":"https:\/\/halkidiki-rentals.gr\/ro\/"},{"@type":"ListItem","position":2,"name":"Contact"}]},{"@type":"WebSite","@id":"https:\/\/halkidiki-rentals.gr\/ro\/#website","url":"https:\/\/halkidiki-rentals.gr\/ro\/","name":"Halkidiki Rentals","description":"Your Gateway to Greek Paradise - Vacation Homes in Halkidiki","publisher":{"@id":"https:\/\/halkidiki-rentals.gr\/ro\/#organization"},"alternateName":"Chalkidiki Rentals","potentialAction":[{"@type":"SearchAction","target":{"@type":"EntryPoint","urlTemplate":"https:\/\/halkidiki-rentals.gr\/ro\/?s={search_term_string}"},"query-input":{"@type":"PropertyValueSpecification","valueRequired":true,"valueName":"search_term_string"}}],"inLanguage":"ro-RO"},{"@type":"Organization","@id":"https:\/\/halkidiki-rentals.gr\/ro\/#organization","name":"Halkidiki Rentals","alternateName":"Chalkidiki Rentals","url":"https:\/\/halkidiki-rentals.gr\/ro\/","logo":{"@type":"ImageObject","inLanguage":"ro-RO","@id":"https:\/\/halkidiki-rentals.gr\/ro\/#\/schema\/logo\/image\/","url":"https:\/\/halkidiki-rentals.gr\/wp-content\/uploads\/2025\/10\/Halkidiki-Rentals-LogoW.png","contentUrl":"https:\/\/halkidiki-rentals.gr\/wp-content\/uploads\/2025\/10\/Halkidiki-Rentals-LogoW.png","width":1008,"height":238,"caption":"Halkidiki Rentals"},"image":{"@id":"https:\/\/halkidiki-rentals.gr\/ro\/#\/schema\/logo\/image\/"},"sameAs":["https:\/\/www.facebook.com\/HalkidikiRentals\/","https:\/\/www.instagram.com\/halkidikirentals\/","https:\/\/wa.me\/306984581703","https:\/\/www.tiktok.com\/@halkidiki.rentals"],"email":"info@halkidiki-rentals.gr","telephone":"+306984581703"}]}},"_links":{"self":[{"href":"https:\/\/halkidiki-rentals.gr\/ro\/wp-json\/wp\/v2\/pages\/43844","targetHints":{"allow":["GET"]}}],"collection":[{"href":"https:\/\/halkidiki-rentals.gr\/ro\/wp-json\/wp\/v2\/pages"}],"about":[{"href":"https:\/\/halkidiki-rentals.gr\/ro\/wp-json\/wp\/v2\/types\/page"}],"author":[{"embeddable":true,"href":"https:\/\/halkidiki-rentals.gr\/ro\/wp-json\/wp\/v2\/users\/1"}],"replies":[{"embeddable":true,"href":"https:\/\/halkidiki-rentals.gr\/ro\/wp-json\/wp\/v2\/comments?post=43844"}],"version-history":[{"count":0,"href":"https:\/\/halkidiki-rentals.gr\/ro\/wp-json\/wp\/v2\/pages\/43844\/revisions"}],"wp:attachment":[{"href":"https:\/\/halkidiki-rentals.gr\/ro\/wp-json\/wp\/v2\/media?parent=43844"}],"curies":[{"name":"wp","href":"https:\/\/api.w.org\/{rel}","templated":true}]}}