{"id":43904,"date":"2015-04-20T13:10:02","date_gmt":"2015-04-20T10:10:02","guid":{"rendered":"https:\/\/halkidiki-rentals.gr\/blog\/"},"modified":"2026-01-31T20:26:19","modified_gmt":"2026-01-31T18:26:19","slug":"blog","status":"publish","type":"page","link":"https:\/\/halkidiki-rentals.gr\/ro\/blog\/","title":{"rendered":"Blog"},"content":{"rendered":"\t\t<div data-elementor-type=\"wp-page\" data-elementor-id=\"43904\" class=\"elementor elementor-43904 elementor-187\" data-elementor-post-type=\"page\">\n\t\t\t\t<div class=\"elementor-element elementor-element-8de4224 e-flex e-con-boxed e-con e-parent\" data-id=\"8de4224\" data-element_type=\"container\" data-settings=\"{&quot;background_background&quot;:&quot;classic&quot;}\">\n\t\t\t\t\t<div class=\"e-con-inner\">\n\t\t\t\t<div class=\"elementor-element elementor-element-854a0b9 elementor-widget elementor-widget-heading\" data-id=\"854a0b9\" data-element_type=\"widget\" data-widget_type=\"heading.default\">\n\t\t\t\t\t<h2 class=\"elementor-heading-title elementor-size-default\">Exploreaz\u0103 Halkidiki<\/h2>\t\t\t\t<\/div>\n\t\t\t\t<div class=\"elementor-element elementor-element-198c672 elementor-widget elementor-widget-heading\" data-id=\"198c672\" data-element_type=\"widget\" data-widget_type=\"heading.default\">\n\t\t\t\t\t<h2 class=\"elementor-heading-title elementor-size-default\">Ghid de c\u0103l\u0103torie Halkidiki \u0219i sfaturi locale<\/h2>\t\t\t\t<\/div>\n\t\t\t\t<div class=\"elementor-element elementor-element-416ee9a elementor-widget elementor-widget-text-editor\" data-id=\"416ee9a\" data-element_type=\"widget\" data-widget_type=\"text-editor.default\">\n\t\t\t\t\t\t\t\t\t<p>Descoper\u0103 plaje ascunse, taverne autentice, secrete locale \u0219i sfaturi de la localnici. Ghidul t\u0103u suprem pentru a explora cea mai frumoas\u0103 peninsul\u0103 a Greciei. <\/p>\t\t\t\t\t\t\t\t<\/div>\n\t\t\t\t\t<\/div>\n\t\t\t\t<\/div>\n\t\t\t\t<\/div>\n\t\t","protected":false},"excerpt":{"rendered":"Exploreaz\u0103 Halkidiki Ghid de c\u0103l\u0103torie Halkidiki \u0219i sfaturi locale Descoper\u0103 plaje ascunse, taverne autentice, secrete locale \u0219i sfaturi de la localnici. Ghidul t\u0103u suprem pentru a explora cea mai frumoas\u0103 peninsul\u0103 a Greciei.","protected":false},"author":1,"featured_media":0,"parent":0,"menu_order":0,"comment_status":"closed","ping_status":"closed","template":"blog_list.php","meta":{"inline_featured_image":false,"footnotes":""},"class_list":["post-43904","page","type-page","status-publish","hentry"],"yoast_head":"<!-- This site is optimized with the Yoast SEO Premium plugin v26.6 (Yoast SEO v26.6) - https:\/\/yoast.com\/wordpress\/plugins\/seo\/ -->\n<title>Blog de c\u0103l\u0103torie Halkidiki - Ghiduri locale \u0219i sfaturi utile<\/title>\n<meta name=\"description\" content=\"Exploreaz\u0103 blogul nostru de c\u0103l\u0103torie Halkidiki, care prezint\u0103 ghiduri locale, recomand\u0103ri de plaje, recenzii de restaurante \u0219i sfaturi de la cunosc\u0103tori. Descoper\u0103 comori ascunse \u0219i planific\u0103-\u021bi vacan\u021ba greceasc\u0103 perfect\u0103 cu sfaturi de la localnici.\" \/>\n<meta name=\"robots\" content=\"index, follow, max-snippet:-1, max-image-preview:large, max-video-preview:-1\" \/>\n<link rel=\"canonical\" href=\"https:\/\/halkidiki-rentals.gr\/ro\/blog\/\" \/>\n<meta property=\"og:locale\" content=\"ro_RO\" \/>\n<meta property=\"og:type\" content=\"article\" \/>\n<meta property=\"og:title\" content=\"Blog\" \/>\n<meta property=\"og:description\" content=\"Exploreaz\u0103 blogul nostru de c\u0103l\u0103torie Halkidiki, care prezint\u0103 ghiduri locale, recomand\u0103ri de plaje, recenzii de restaurante \u0219i sfaturi de la cunosc\u0103tori. Descoper\u0103 comori ascunse \u0219i planific\u0103-\u021bi vacan\u021ba greceasc\u0103 perfect\u0103 cu sfaturi de la localnici.\" \/>\n<meta property=\"og:url\" content=\"https:\/\/halkidiki-rentals.gr\/ro\/blog\/\" \/>\n<meta property=\"og:site_name\" content=\"Halkidiki Rentals\" \/>\n<meta property=\"article:publisher\" content=\"https:\/\/www.facebook.com\/HalkidikiRentals\/\" \/>\n<meta property=\"article:modified_time\" content=\"2026-01-31T18:26:19+00:00\" \/>\n<meta name=\"twitter:card\" content=\"summary_large_image\" \/>\n<script type=\"application\/ld+json\" class=\"yoast-schema-graph\">{\"@context\":\"https:\/\/schema.org\",\"@graph\":[{\"@type\":\"WebPage\",\"@id\":\"https:\/\/halkidiki-rentals.gr\/ro\/blog\/\",\"url\":\"https:\/\/halkidiki-rentals.gr\/ro\/blog\/\",\"name\":\"Blog de c\u0103l\u0103torie Halkidiki - Ghiduri locale \u0219i sfaturi utile\",\"isPartOf\":{\"@id\":\"https:\/\/halkidiki-rentals.gr\/ro\/#website\"},\"datePublished\":\"2015-04-20T10:10:02+00:00\",\"dateModified\":\"2026-01-31T18:26:19+00:00\",\"description\":\"Exploreaz\u0103 blogul nostru de c\u0103l\u0103torie Halkidiki, care prezint\u0103 ghiduri locale, recomand\u0103ri de plaje, recenzii de restaurante \u0219i sfaturi de la cunosc\u0103tori. Descoper\u0103 comori ascunse \u0219i planific\u0103-\u021bi vacan\u021ba greceasc\u0103 perfect\u0103 cu sfaturi de la localnici.\",\"breadcrumb\":{\"@id\":\"https:\/\/halkidiki-rentals.gr\/ro\/blog\/#breadcrumb\"},\"inLanguage\":\"ro-RO\",\"potentialAction\":[{\"@type\":\"ReadAction\",\"target\":[\"https:\/\/halkidiki-rentals.gr\/ro\/blog\/\"]}]},{\"@type\":\"BreadcrumbList\",\"@id\":\"https:\/\/halkidiki-rentals.gr\/ro\/blog\/#breadcrumb\",\"itemListElement\":[{\"@type\":\"ListItem\",\"position\":1,\"name\":\"Acas\u0103\",\"item\":\"https:\/\/halkidiki-rentals.gr\/ro\/\"},{\"@type\":\"ListItem\",\"position\":2,\"name\":\"Blog\"}]},{\"@type\":\"WebSite\",\"@id\":\"https:\/\/halkidiki-rentals.gr\/ro\/#website\",\"url\":\"https:\/\/halkidiki-rentals.gr\/ro\/\",\"name\":\"Halkidiki Rentals\",\"description\":\"Your Gateway to Greek Paradise - Vacation Homes in Halkidiki\",\"publisher\":{\"@id\":\"https:\/\/halkidiki-rentals.gr\/ro\/#organization\"},\"alternateName\":\"Chalkidiki Rentals\",\"potentialAction\":[{\"@type\":\"SearchAction\",\"target\":{\"@type\":\"EntryPoint\",\"urlTemplate\":\"https:\/\/halkidiki-rentals.gr\/ro\/?s={search_term_string}\"},\"query-input\":{\"@type\":\"PropertyValueSpecification\",\"valueRequired\":true,\"valueName\":\"search_term_string\"}}],\"inLanguage\":\"ro-RO\"},{\"@type\":\"Organization\",\"@id\":\"https:\/\/halkidiki-rentals.gr\/ro\/#organization\",\"name\":\"Halkidiki Rentals\",\"alternateName\":\"Chalkidiki Rentals\",\"url\":\"https:\/\/halkidiki-rentals.gr\/ro\/\",\"logo\":{\"@type\":\"ImageObject\",\"inLanguage\":\"ro-RO\",\"@id\":\"https:\/\/halkidiki-rentals.gr\/ro\/#\/schema\/logo\/image\/\",\"url\":\"https:\/\/halkidiki-rentals.gr\/wp-content\/uploads\/2025\/10\/Halkidiki-Rentals-LogoW.png\",\"contentUrl\":\"https:\/\/halkidiki-rentals.gr\/wp-content\/uploads\/2025\/10\/Halkidiki-Rentals-LogoW.png\",\"width\":1008,\"height\":238,\"caption\":\"Halkidiki Rentals\"},\"image\":{\"@id\":\"https:\/\/halkidiki-rentals.gr\/ro\/#\/schema\/logo\/image\/\"},\"sameAs\":[\"https:\/\/www.facebook.com\/HalkidikiRentals\/\",\"https:\/\/www.instagram.com\/halkidikirentals\/\",\"https:\/\/wa.me\/306984581703\",\"https:\/\/www.tiktok.com\/@halkidiki.rentals\"],\"email\":\"info@halkidiki-rentals.gr\",\"telephone\":\"+306984581703\"}]}<\/script>\n<!-- \/ Yoast SEO Premium plugin. -->","yoast_head_json":{"title":"Blog de c\u0103l\u0103torie Halkidiki - Ghiduri locale \u0219i sfaturi utile","description":"Exploreaz\u0103 blogul nostru de c\u0103l\u0103torie Halkidiki, care prezint\u0103 ghiduri locale, recomand\u0103ri de plaje, recenzii de restaurante \u0219i sfaturi de la cunosc\u0103tori. Descoper\u0103 comori ascunse \u0219i planific\u0103-\u021bi vacan\u021ba greceasc\u0103 perfect\u0103 cu sfaturi de la localnici.","robots":{"index":"index","follow":"follow","max-snippet":"max-snippet:-1","max-image-preview":"max-image-preview:large","max-video-preview":"max-video-preview:-1"},"canonical":"https:\/\/halkidiki-rentals.gr\/ro\/blog\/","og_locale":"ro_RO","og_type":"article","og_title":"Blog","og_description":"Exploreaz\u0103 blogul nostru de c\u0103l\u0103torie Halkidiki, care prezint\u0103 ghiduri locale, recomand\u0103ri de plaje, recenzii de restaurante \u0219i sfaturi de la cunosc\u0103tori. Descoper\u0103 comori ascunse \u0219i planific\u0103-\u021bi vacan\u021ba greceasc\u0103 perfect\u0103 cu sfaturi de la localnici.","og_url":"https:\/\/halkidiki-rentals.gr\/ro\/blog\/","og_site_name":"Halkidiki Rentals","article_publisher":"https:\/\/www.facebook.com\/HalkidikiRentals\/","article_modified_time":"2026-01-31T18:26:19+00:00","twitter_card":"summary_large_image","schema":{"@context":"https:\/\/schema.org","@graph":[{"@type":"WebPage","@id":"https:\/\/halkidiki-rentals.gr\/ro\/blog\/","url":"https:\/\/halkidiki-rentals.gr\/ro\/blog\/","name":"Blog de c\u0103l\u0103torie Halkidiki - Ghiduri locale \u0219i sfaturi utile","isPartOf":{"@id":"https:\/\/halkidiki-rentals.gr\/ro\/#website"},"datePublished":"2015-04-20T10:10:02+00:00","dateModified":"2026-01-31T18:26:19+00:00","description":"Exploreaz\u0103 blogul nostru de c\u0103l\u0103torie Halkidiki, care prezint\u0103 ghiduri locale, recomand\u0103ri de plaje, recenzii de restaurante \u0219i sfaturi de la cunosc\u0103tori. Descoper\u0103 comori ascunse \u0219i planific\u0103-\u021bi vacan\u021ba greceasc\u0103 perfect\u0103 cu sfaturi de la localnici.","breadcrumb":{"@id":"https:\/\/halkidiki-rentals.gr\/ro\/blog\/#breadcrumb"},"inLanguage":"ro-RO","potentialAction":[{"@type":"ReadAction","target":["https:\/\/halkidiki-rentals.gr\/ro\/blog\/"]}]},{"@type":"BreadcrumbList","@id":"https:\/\/halkidiki-rentals.gr\/ro\/blog\/#breadcrumb","itemListElement":[{"@type":"ListItem","position":1,"name":"Acas\u0103","item":"https:\/\/halkidiki-rentals.gr\/ro\/"},{"@type":"ListItem","position":2,"name":"Blog"}]},{"@type":"WebSite","@id":"https:\/\/halkidiki-rentals.gr\/ro\/#website","url":"https:\/\/halkidiki-rentals.gr\/ro\/","name":"Halkidiki Rentals","description":"Your Gateway to Greek Paradise - Vacation Homes in Halkidiki","publisher":{"@id":"https:\/\/halkidiki-rentals.gr\/ro\/#organization"},"alternateName":"Chalkidiki Rentals","potentialAction":[{"@type":"SearchAction","target":{"@type":"EntryPoint","urlTemplate":"https:\/\/halkidiki-rentals.gr\/ro\/?s={search_term_string}"},"query-input":{"@type":"PropertyValueSpecification","valueRequired":true,"valueName":"search_term_string"}}],"inLanguage":"ro-RO"},{"@type":"Organization","@id":"https:\/\/halkidiki-rentals.gr\/ro\/#organization","name":"Halkidiki Rentals","alternateName":"Chalkidiki Rentals","url":"https:\/\/halkidiki-rentals.gr\/ro\/","logo":{"@type":"ImageObject","inLanguage":"ro-RO","@id":"https:\/\/halkidiki-rentals.gr\/ro\/#\/schema\/logo\/image\/","url":"https:\/\/halkidiki-rentals.gr\/wp-content\/uploads\/2025\/10\/Halkidiki-Rentals-LogoW.png","contentUrl":"https:\/\/halkidiki-rentals.gr\/wp-content\/uploads\/2025\/10\/Halkidiki-Rentals-LogoW.png","width":1008,"height":238,"caption":"Halkidiki Rentals"},"image":{"@id":"https:\/\/halkidiki-rentals.gr\/ro\/#\/schema\/logo\/image\/"},"sameAs":["https:\/\/www.facebook.com\/HalkidikiRentals\/","https:\/\/www.instagram.com\/halkidikirentals\/","https:\/\/wa.me\/306984581703","https:\/\/www.tiktok.com\/@halkidiki.rentals"],"email":"info@halkidiki-rentals.gr","telephone":"+306984581703"}]}},"_links":{"self":[{"href":"https:\/\/halkidiki-rentals.gr\/ro\/wp-json\/wp\/v2\/pages\/43904","targetHints":{"allow":["GET"]}}],"collection":[{"href":"https:\/\/halkidiki-rentals.gr\/ro\/wp-json\/wp\/v2\/pages"}],"about":[{"href":"https:\/\/halkidiki-rentals.gr\/ro\/wp-json\/wp\/v2\/types\/page"}],"author":[{"embeddable":true,"href":"https:\/\/halkidiki-rentals.gr\/ro\/wp-json\/wp\/v2\/users\/1"}],"replies":[{"embeddable":true,"href":"https:\/\/halkidiki-rentals.gr\/ro\/wp-json\/wp\/v2\/comments?post=43904"}],"version-history":[{"count":1,"href":"https:\/\/halkidiki-rentals.gr\/ro\/wp-json\/wp\/v2\/pages\/43904\/revisions"}],"predecessor-version":[{"id":45049,"href":"https:\/\/halkidiki-rentals.gr\/ro\/wp-json\/wp\/v2\/pages\/43904\/revisions\/45049"}],"wp:attachment":[{"href":"https:\/\/halkidiki-rentals.gr\/ro\/wp-json\/wp\/v2\/media?parent=43904"}],"curies":[{"name":"wp","href":"https:\/\/api.w.org\/{rel}","templated":true}]}}