{"id":46164,"date":"2026-04-13T01:33:45","date_gmt":"2026-04-12T22:33:45","guid":{"rendered":"https:\/\/halkidiki-rentals.gr\/product\/plata-pentru-factura-46161-rezervarea-46160-nume-proteus-beachfront-villa-toroni-perioada-de-la-28-iunie-2026-pana-la-6-iulie-2026\/"},"modified":"2026-04-13T01:34:01","modified_gmt":"2026-04-12T22:34:01","slug":"plata-pentru-factura-46161-rezervarea-46160-nume-proteus-beachfront-villa-toroni-perioada-de-la-28-iunie-2026-pana-la-6-iulie-2026","status":"publish","type":"product","link":"https:\/\/halkidiki-rentals.gr\/ro\/produs\/plata-pentru-factura-46161-rezervarea-46160-nume-proteus-beachfront-villa-toroni-perioada-de-la-28-iunie-2026-pana-la-6-iulie-2026\/","title":{"rendered":"Plat\u0103 pentru Factura 46161, Rezervarea 46160, Nume: Proteus Beachfront Villa, Toroni, Perioada: de la 28 iunie 2026 p\u00e2n\u0103 la 6 iulie 2026"},"content":{"rendered":"","protected":false},"excerpt":{"rendered":"","protected":false},"featured_media":0,"template":"","meta":{"inline_featured_image":false},"product_brand":[],"product_cat":[189],"product_tag":[],"class_list":{"0":"post-46164","1":"product","2":"type-product","3":"status-publish","5":"product_cat-uncategorized-ro","7":"first","8":"instock","9":"virtual","10":"sold-individually","11":"taxable","12":"purchasable","13":"product-type-simple"},"yoast_head":"<!-- This site is optimized with the Yoast SEO Premium plugin v26.6 (Yoast SEO v26.6) - https:\/\/yoast.com\/wordpress\/plugins\/seo\/ -->\n<title>Plat\u0103 pentru Factura 46161, Rezervarea 46160, Nume: Proteus Beachfront Villa, Toroni, Perioada: de la 28 iunie 2026 p\u00e2n\u0103 la 6 iulie 2026 - Halkidiki Rentals<\/title>\n<meta name=\"robots\" content=\"noindex, follow\" \/>\n<meta property=\"og:locale\" content=\"ro_RO\" \/>\n<meta property=\"og:type\" content=\"article\" \/>\n<meta property=\"og:title\" content=\"Plat\u0103 pentru Factura 46161, Rezervarea 46160, Nume: Proteus Beachfront Villa, Toroni, Perioada: de la 28 iunie 2026 p\u00e2n\u0103 la 6 iulie 2026\" \/>\n<meta property=\"og:url\" content=\"https:\/\/halkidiki-rentals.gr\/ro\/produs\/plata-pentru-factura-46161-rezervarea-46160-nume-proteus-beachfront-villa-toroni-perioada-de-la-28-iunie-2026-pana-la-6-iulie-2026\/\" \/>\n<meta property=\"og:site_name\" content=\"Halkidiki Rentals\" \/>\n<meta property=\"article:publisher\" content=\"https:\/\/www.facebook.com\/HalkidikiRentals\/\" \/>\n<meta property=\"article:modified_time\" content=\"2026-04-12T22:34:01+00:00\" \/>\n<meta name=\"twitter:card\" content=\"summary_large_image\" \/>\n<script type=\"application\/ld+json\" class=\"yoast-schema-graph\">{\"@context\":\"https:\/\/schema.org\",\"@graph\":[{\"@type\":\"WebPage\",\"@id\":\"https:\/\/halkidiki-rentals.gr\/ro\/produs\/plata-pentru-factura-46161-rezervarea-46160-nume-proteus-beachfront-villa-toroni-perioada-de-la-28-iunie-2026-pana-la-6-iulie-2026\/\",\"url\":\"https:\/\/halkidiki-rentals.gr\/ro\/produs\/plata-pentru-factura-46161-rezervarea-46160-nume-proteus-beachfront-villa-toroni-perioada-de-la-28-iunie-2026-pana-la-6-iulie-2026\/\",\"name\":\"Plat\u0103 pentru Factura 46161, Rezervarea 46160, Nume: Proteus Beachfront Villa, Toroni, Perioada: de la 28 iunie 2026 p\u00e2n\u0103 la 6 iulie 2026 - Halkidiki Rentals\",\"isPartOf\":{\"@id\":\"https:\/\/halkidiki-rentals.gr\/ro\/#website\"},\"datePublished\":\"2026-04-12T22:33:45+00:00\",\"dateModified\":\"2026-04-12T22:34:01+00:00\",\"breadcrumb\":{\"@id\":\"https:\/\/halkidiki-rentals.gr\/ro\/produs\/plata-pentru-factura-46161-rezervarea-46160-nume-proteus-beachfront-villa-toroni-perioada-de-la-28-iunie-2026-pana-la-6-iulie-2026\/#breadcrumb\"},\"inLanguage\":\"ro-RO\",\"potentialAction\":[{\"@type\":\"ReadAction\",\"target\":[\"https:\/\/halkidiki-rentals.gr\/ro\/produs\/plata-pentru-factura-46161-rezervarea-46160-nume-proteus-beachfront-villa-toroni-perioada-de-la-28-iunie-2026-pana-la-6-iulie-2026\/\"]}]},{\"@type\":\"BreadcrumbList\",\"@id\":\"https:\/\/halkidiki-rentals.gr\/ro\/produs\/plata-pentru-factura-46161-rezervarea-46160-nume-proteus-beachfront-villa-toroni-perioada-de-la-28-iunie-2026-pana-la-6-iulie-2026\/#breadcrumb\",\"itemListElement\":[{\"@type\":\"ListItem\",\"position\":1,\"name\":\"Acas\u0103\",\"item\":\"https:\/\/halkidiki-rentals.gr\/ro\/\"},{\"@type\":\"ListItem\",\"position\":2,\"name\":\"Plat\u0103 pentru Factura 46161, Rezervarea 46160, Nume: Proteus Beachfront Villa, Toroni, Perioada: de la 28 iunie 2026 p\u00e2n\u0103 la 6 iulie 2026\"}]},{\"@type\":\"WebSite\",\"@id\":\"https:\/\/halkidiki-rentals.gr\/ro\/#website\",\"url\":\"https:\/\/halkidiki-rentals.gr\/ro\/\",\"name\":\"Halkidiki Rentals\",\"description\":\"Your Gateway to Greek Paradise - Vacation Homes in Halkidiki\",\"publisher\":{\"@id\":\"https:\/\/halkidiki-rentals.gr\/ro\/#organization\"},\"alternateName\":\"Chalkidiki Rentals\",\"potentialAction\":[{\"@type\":\"SearchAction\",\"target\":{\"@type\":\"EntryPoint\",\"urlTemplate\":\"https:\/\/halkidiki-rentals.gr\/ro\/?s={search_term_string}\"},\"query-input\":{\"@type\":\"PropertyValueSpecification\",\"valueRequired\":true,\"valueName\":\"search_term_string\"}}],\"inLanguage\":\"ro-RO\"},{\"@type\":\"Organization\",\"@id\":\"https:\/\/halkidiki-rentals.gr\/ro\/#organization\",\"name\":\"Halkidiki Rentals\",\"alternateName\":\"Chalkidiki Rentals\",\"url\":\"https:\/\/halkidiki-rentals.gr\/ro\/\",\"logo\":{\"@type\":\"ImageObject\",\"inLanguage\":\"ro-RO\",\"@id\":\"https:\/\/halkidiki-rentals.gr\/ro\/#\/schema\/logo\/image\/\",\"url\":\"https:\/\/halkidiki-rentals.gr\/wp-content\/uploads\/2025\/10\/Halkidiki-Rentals-LogoW.png\",\"contentUrl\":\"https:\/\/halkidiki-rentals.gr\/wp-content\/uploads\/2025\/10\/Halkidiki-Rentals-LogoW.png\",\"width\":1008,\"height\":238,\"caption\":\"Halkidiki Rentals\"},\"image\":{\"@id\":\"https:\/\/halkidiki-rentals.gr\/ro\/#\/schema\/logo\/image\/\"},\"sameAs\":[\"https:\/\/www.facebook.com\/HalkidikiRentals\/\",\"https:\/\/www.instagram.com\/halkidikirentals\/\",\"https:\/\/wa.me\/306984581703\",\"https:\/\/www.tiktok.com\/@halkidiki.rentals\"],\"email\":\"info@halkidiki-rentals.gr\",\"telephone\":\"+306984581703\"}]}<\/script>\n<!-- \/ Yoast SEO Premium plugin. -->","yoast_head_json":{"title":"Plat\u0103 pentru Factura 46161, Rezervarea 46160, Nume: Proteus Beachfront Villa, Toroni, Perioada: de la 28 iunie 2026 p\u00e2n\u0103 la 6 iulie 2026 - Halkidiki Rentals","robots":{"index":"noindex","follow":"follow"},"og_locale":"ro_RO","og_type":"article","og_title":"Plat\u0103 pentru Factura 46161, Rezervarea 46160, Nume: Proteus Beachfront Villa, Toroni, Perioada: de la 28 iunie 2026 p\u00e2n\u0103 la 6 iulie 2026","og_url":"https:\/\/halkidiki-rentals.gr\/ro\/produs\/plata-pentru-factura-46161-rezervarea-46160-nume-proteus-beachfront-villa-toroni-perioada-de-la-28-iunie-2026-pana-la-6-iulie-2026\/","og_site_name":"Halkidiki Rentals","article_publisher":"https:\/\/www.facebook.com\/HalkidikiRentals\/","article_modified_time":"2026-04-12T22:34:01+00:00","twitter_card":"summary_large_image","schema":{"@context":"https:\/\/schema.org","@graph":[{"@type":"WebPage","@id":"https:\/\/halkidiki-rentals.gr\/ro\/produs\/plata-pentru-factura-46161-rezervarea-46160-nume-proteus-beachfront-villa-toroni-perioada-de-la-28-iunie-2026-pana-la-6-iulie-2026\/","url":"https:\/\/halkidiki-rentals.gr\/ro\/produs\/plata-pentru-factura-46161-rezervarea-46160-nume-proteus-beachfront-villa-toroni-perioada-de-la-28-iunie-2026-pana-la-6-iulie-2026\/","name":"Plat\u0103 pentru Factura 46161, Rezervarea 46160, Nume: Proteus Beachfront Villa, Toroni, Perioada: de la 28 iunie 2026 p\u00e2n\u0103 la 6 iulie 2026 - Halkidiki Rentals","isPartOf":{"@id":"https:\/\/halkidiki-rentals.gr\/ro\/#website"},"datePublished":"2026-04-12T22:33:45+00:00","dateModified":"2026-04-12T22:34:01+00:00","breadcrumb":{"@id":"https:\/\/halkidiki-rentals.gr\/ro\/produs\/plata-pentru-factura-46161-rezervarea-46160-nume-proteus-beachfront-villa-toroni-perioada-de-la-28-iunie-2026-pana-la-6-iulie-2026\/#breadcrumb"},"inLanguage":"ro-RO","potentialAction":[{"@type":"ReadAction","target":["https:\/\/halkidiki-rentals.gr\/ro\/produs\/plata-pentru-factura-46161-rezervarea-46160-nume-proteus-beachfront-villa-toroni-perioada-de-la-28-iunie-2026-pana-la-6-iulie-2026\/"]}]},{"@type":"BreadcrumbList","@id":"https:\/\/halkidiki-rentals.gr\/ro\/produs\/plata-pentru-factura-46161-rezervarea-46160-nume-proteus-beachfront-villa-toroni-perioada-de-la-28-iunie-2026-pana-la-6-iulie-2026\/#breadcrumb","itemListElement":[{"@type":"ListItem","position":1,"name":"Acas\u0103","item":"https:\/\/halkidiki-rentals.gr\/ro\/"},{"@type":"ListItem","position":2,"name":"Plat\u0103 pentru Factura 46161, Rezervarea 46160, Nume: Proteus Beachfront Villa, Toroni, Perioada: de la 28 iunie 2026 p\u00e2n\u0103 la 6 iulie 2026"}]},{"@type":"WebSite","@id":"https:\/\/halkidiki-rentals.gr\/ro\/#website","url":"https:\/\/halkidiki-rentals.gr\/ro\/","name":"Halkidiki Rentals","description":"Your Gateway to Greek Paradise - Vacation Homes in Halkidiki","publisher":{"@id":"https:\/\/halkidiki-rentals.gr\/ro\/#organization"},"alternateName":"Chalkidiki Rentals","potentialAction":[{"@type":"SearchAction","target":{"@type":"EntryPoint","urlTemplate":"https:\/\/halkidiki-rentals.gr\/ro\/?s={search_term_string}"},"query-input":{"@type":"PropertyValueSpecification","valueRequired":true,"valueName":"search_term_string"}}],"inLanguage":"ro-RO"},{"@type":"Organization","@id":"https:\/\/halkidiki-rentals.gr\/ro\/#organization","name":"Halkidiki Rentals","alternateName":"Chalkidiki Rentals","url":"https:\/\/halkidiki-rentals.gr\/ro\/","logo":{"@type":"ImageObject","inLanguage":"ro-RO","@id":"https:\/\/halkidiki-rentals.gr\/ro\/#\/schema\/logo\/image\/","url":"https:\/\/halkidiki-rentals.gr\/wp-content\/uploads\/2025\/10\/Halkidiki-Rentals-LogoW.png","contentUrl":"https:\/\/halkidiki-rentals.gr\/wp-content\/uploads\/2025\/10\/Halkidiki-Rentals-LogoW.png","width":1008,"height":238,"caption":"Halkidiki Rentals"},"image":{"@id":"https:\/\/halkidiki-rentals.gr\/ro\/#\/schema\/logo\/image\/"},"sameAs":["https:\/\/www.facebook.com\/HalkidikiRentals\/","https:\/\/www.instagram.com\/halkidikirentals\/","https:\/\/wa.me\/306984581703","https:\/\/www.tiktok.com\/@halkidiki.rentals"],"email":"info@halkidiki-rentals.gr","telephone":"+306984581703"}]}},"_links":{"self":[{"href":"https:\/\/halkidiki-rentals.gr\/ro\/wp-json\/wp\/v2\/product\/46164","targetHints":{"allow":["GET"]}}],"collection":[{"href":"https:\/\/halkidiki-rentals.gr\/ro\/wp-json\/wp\/v2\/product"}],"about":[{"href":"https:\/\/halkidiki-rentals.gr\/ro\/wp-json\/wp\/v2\/types\/product"}],"wp:attachment":[{"href":"https:\/\/halkidiki-rentals.gr\/ro\/wp-json\/wp\/v2\/media?parent=46164"}],"wp:term":[{"taxonomy":"product_brand","embeddable":true,"href":"https:\/\/halkidiki-rentals.gr\/ro\/wp-json\/wp\/v2\/product_brand?post=46164"},{"taxonomy":"product_cat","embeddable":true,"href":"https:\/\/halkidiki-rentals.gr\/ro\/wp-json\/wp\/v2\/product_cat?post=46164"},{"taxonomy":"product_tag","embeddable":true,"href":"https:\/\/halkidiki-rentals.gr\/ro\/wp-json\/wp\/v2\/product_tag?post=46164"}],"curies":[{"name":"wp","href":"https:\/\/api.w.org\/{rel}","templated":true}]}}